{"id":809,"date":"2025-04-01T07:50:50","date_gmt":"2025-04-01T05:50:50","guid":{"rendered":"https:\/\/jaeger.expert\/tma\/?page_id=809"},"modified":"2025-04-25T08:52:00","modified_gmt":"2025-04-25T06:52:00","slug":"spenden-sponsoring","status":"publish","type":"page","link":"https:\/\/jaeger.expert\/tma\/spenden-sponsoring\/","title":{"rendered":"Spenden &#038; Sponsoring"},"content":{"rendered":"\t\t<div data-elementor-type=\"wp-page\" data-elementor-id=\"809\" class=\"elementor elementor-809\" data-elementor-post-type=\"page\">\n\t\t\t\t<div class=\"elementor-element elementor-element-32ba001 e-flex e-con-boxed wpr-particle-no wpr-jarallax-no wpr-parallax-no wpr-sticky-section-no wpr-equal-height-no e-con e-parent\" data-id=\"32ba001\" data-element_type=\"container\" data-e-type=\"container\">\n\t\t\t\t\t<div class=\"e-con-inner\">\n\t\t\t\t<div class=\"elementor-element elementor-element-ac14def elementor-widget elementor-widget-heading\" data-id=\"ac14def\" data-element_type=\"widget\" data-e-type=\"widget\" data-widget_type=\"heading.default\">\n\t\t\t\t<div class=\"elementor-widget-container\">\n\t\t\t\t\t<h2 class=\"elementor-heading-title elementor-size-default\">Spenden und Sponsoring<\/h2>\t\t\t\t<\/div>\n\t\t\t\t<\/div>\n\t\t\t\t<div class=\"elementor-element elementor-element-19dd9e0 elementor-widget elementor-widget-text-editor\" data-id=\"19dd9e0\" data-element_type=\"widget\" data-e-type=\"widget\" data-widget_type=\"text-editor.default\">\n\t\t\t\t<div class=\"elementor-widget-container\">\n\t\t\t\t\t\t\t\t\t<h5>Warum ist Tennis attraktiv f\u00fcr Sponsoring?<\/h5><p>Tennis ist nach dem Fu\u00dfball die beliebteste Sportart in Deutschland. Tennis hat in Freilassing eine lange Tradition. Seit 1953 wird in Freilassing Tennis gespielt. Anfangs beim ESV Freilassing und ab 1971 beim TC Freilassing. 2017, durch die Fusion der beiden Vereine zum Tennisverein Max Aicher Freilassing, wird diese Tradition fortgesetzt.\u00a0Der TMA Freilassing hat zirka 150 Mitglieder aller Altersklassen, die dem Tennissport auf unserer sehr attraktiven Anlage am Heideweg nachgehen.<br \/>Ein zukunftsorientierter Verein ben\u00f6tigt Sponsoring, um den vielf\u00e4ltigen Anspr\u00fcchen, vor allem in der Jugendarbeit gerecht werden zu k\u00f6nnen. Sponsoren best\u00e4tigen gleichzeitig aber auch die Attraktivit\u00e4t des TMA Freilassing und profitieren selbst von unserem positiven Image in der Region. Wir streben langfristige Kooperationen mit Sponsoren an.<\/p><h5>Was k\u00f6nnen wir anbieten:<\/h5><ul><li>Product placement bei Turnieren und Veranstaltungen des Vereins<\/li><li>Verlinktes Firmenlogo auf unserer Homepage<\/li><li>Branding auf Mannschaftsdressen<\/li><li>Sichtblenden\u2013 und Bandenwerbung auf der Tennisanlage<\/li><li>Aufstellen eines Firmen-Rollups bei Veranstaltungen des TMA Freilassing<\/li><li>F\u00f6rderclub 100<\/li><\/ul>\t\t\t\t\t\t\t\t<\/div>\n\t\t\t\t<\/div>\n\t\t\t\t\t<\/div>\n\t\t\t\t<\/div>\n\t\t<div class=\"elementor-element elementor-element-64b9ce0 e-con-full e-flex wpr-particle-no wpr-jarallax-no wpr-parallax-no wpr-sticky-section-no wpr-equal-height-no e-con e-parent\" data-id=\"64b9ce0\" data-element_type=\"container\" data-e-type=\"container\" data-settings=\"{&quot;background_background&quot;:&quot;classic&quot;}\">\n\t\t<div class=\"elementor-element elementor-element-84533a3 e-flex e-con-boxed wpr-particle-no wpr-jarallax-no wpr-parallax-no wpr-sticky-section-no wpr-equal-height-no e-con e-child\" data-id=\"84533a3\" data-element_type=\"container\" data-e-type=\"container\">\n\t\t\t\t\t<div class=\"e-con-inner\">\n\t\t\t\t<div class=\"elementor-element elementor-element-3099395 elementor-view-stacked elementor-shape-rounded elementor-widget__width-initial elementor-position-block-start elementor-mobile-position-block-start elementor-widget elementor-widget-icon-box\" data-id=\"3099395\" data-element_type=\"widget\" data-e-type=\"widget\" data-widget_type=\"icon-box.default\">\n\t\t\t\t<div class=\"elementor-widget-container\">\n\t\t\t\t\t\t\t<div class=\"elementor-icon-box-wrapper\">\n\n\t\t\t\t\t\t<div class=\"elementor-icon-box-icon\">\n\t\t\t\t<span  class=\"elementor-icon elementor-animation-shrink\">\n\t\t\t\t<i aria-hidden=\"true\" class=\"far fa-star\"><\/i>\t\t\t\t<\/span>\n\t\t\t<\/div>\n\t\t\t\n\t\t\t\t\t\t<div class=\"elementor-icon-box-content\">\n\n\t\t\t\t\t\t\t\t\t<h4 class=\"elementor-icon-box-title\">\n\t\t\t\t\t\t<span  >\n\t\t\t\t\t\t\tF\u00f6rderclub 100\t\t\t\t\t\t<\/span>\n\t\t\t\t\t<\/h4>\n\t\t\t\t\n\t\t\t\t\n\t\t\t<\/div>\n\t\t\t\n\t\t<\/div>\n\t\t\t\t\t\t<\/div>\n\t\t\t\t<\/div>\n\t\t\t\t<div class=\"elementor-element elementor-element-2d973f3 elementor-view-stacked elementor-shape-square elementor-widget__width-initial elementor-position-block-start elementor-mobile-position-block-start elementor-widget elementor-widget-icon-box\" data-id=\"2d973f3\" data-element_type=\"widget\" data-e-type=\"widget\" data-widget_type=\"icon-box.default\">\n\t\t\t\t<div class=\"elementor-widget-container\">\n\t\t\t\t\t\t\t<div class=\"elementor-icon-box-wrapper\">\n\n\t\t\t\t\t\t<div class=\"elementor-icon-box-icon\">\n\t\t\t\t<span  class=\"elementor-icon elementor-animation-shrink\">\n\t\t\t\t<i aria-hidden=\"true\" class=\"fas fa-hand-holding-heart\"><\/i>\t\t\t\t<\/span>\n\t\t\t<\/div>\n\t\t\t\n\t\t\t\t\t\t<div class=\"elementor-icon-box-content\">\n\n\t\t\t\t\t\t\t\t\t<h4 class=\"elementor-icon-box-title\">\n\t\t\t\t\t\t<span  >\n\t\t\t\t\t\t\tSpenden\t\t\t\t\t\t<\/span>\n\t\t\t\t\t<\/h4>\n\t\t\t\t\n\t\t\t\t\n\t\t\t<\/div>\n\t\t\t\n\t\t<\/div>\n\t\t\t\t\t\t<\/div>\n\t\t\t\t<\/div>\n\t\t\t\t<div class=\"elementor-element elementor-element-7756ced elementor-view-stacked elementor-shape-square elementor-widget__width-initial elementor-position-block-start elementor-mobile-position-block-start elementor-widget elementor-widget-icon-box\" data-id=\"7756ced\" data-element_type=\"widget\" data-e-type=\"widget\" data-widget_type=\"icon-box.default\">\n\t\t\t\t<div class=\"elementor-widget-container\">\n\t\t\t\t\t\t\t<div class=\"elementor-icon-box-wrapper\">\n\n\t\t\t\t\t\t<div class=\"elementor-icon-box-icon\">\n\t\t\t\t<span  class=\"elementor-icon elementor-animation-shrink\">\n\t\t\t\t<i aria-hidden=\"true\" class=\"fas fa-trophy\"><\/i>\t\t\t\t<\/span>\n\t\t\t<\/div>\n\t\t\t\n\t\t\t\t\t\t<div class=\"elementor-icon-box-content\">\n\n\t\t\t\t\t\t\t\t\t<h4 class=\"elementor-icon-box-title\">\n\t\t\t\t\t\t<span  >\n\t\t\t\t\t\t\tSponsoring\t\t\t\t\t\t<\/span>\n\t\t\t\t\t<\/h4>\n\t\t\t\t\n\t\t\t\t\n\t\t\t<\/div>\n\t\t\t\n\t\t<\/div>\n\t\t\t\t\t\t<\/div>\n\t\t\t\t<\/div>\n\t\t\t\t\t<\/div>\n\t\t\t\t<\/div>\n\t\t<div class=\"elementor-element elementor-element-c5d6b79 e-flex e-con-boxed wpr-particle-no wpr-jarallax-no wpr-parallax-no wpr-sticky-section-no wpr-equal-height-no e-con e-child\" data-id=\"c5d6b79\" data-element_type=\"container\" data-e-type=\"container\">\n\t\t\t\t\t<div class=\"e-con-inner\">\n\t\t\t\t<div class=\"elementor-element elementor-element-a1f3981 elementor-widget elementor-widget-text-editor\" data-id=\"a1f3981\" data-element_type=\"widget\" data-e-type=\"widget\" data-widget_type=\"text-editor.default\">\n\t\t\t\t<div class=\"elementor-widget-container\">\n\t\t\t\t\t\t\t\t\t<p>Haben Sie Interesse an einem Sponsoring-Engagement? F\u00fcr Informationen und individuelle Konzepte stehen wir gerne zur Verf\u00fcgung. Ihre Ansprechpartner im Verein sind:<\/p><p>Richard Stimmler,\u00a0Timo St\u00fcmpfle,\u00a0Viktor Schmidt,\u00a0Helmut Tamerl<\/p>\t\t\t\t\t\t\t\t<\/div>\n\t\t\t\t<\/div>\n\t\t\t\t<div class=\"elementor-element elementor-element-8bf812f elementor-align-center elementor-widget elementor-widget-button\" data-id=\"8bf812f\" data-element_type=\"widget\" data-e-type=\"widget\" data-widget_type=\"button.default\">\n\t\t\t\t<div class=\"elementor-widget-container\">\n\t\t\t\t\t\t\t\t\t<div class=\"elementor-button-wrapper\">\n\t\t\t\t\t<a class=\"elementor-button elementor-button-link elementor-size-sm\" href=\"https:\/\/jaeger.expert\/tma\/vorstand\/\">\n\t\t\t\t\t\t<span class=\"elementor-button-content-wrapper\">\n\t\t\t\t\t\t\t\t\t<span class=\"elementor-button-text\">Vorstand kontaktieren<\/span>\n\t\t\t\t\t<\/span>\n\t\t\t\t\t<\/a>\n\t\t\t\t<\/div>\n\t\t\t\t\t\t\t\t<\/div>\n\t\t\t\t<\/div>\n\t\t\t\t\t<\/div>\n\t\t\t\t<\/div>\n\t\t\t\t<\/div>\n\t\t<div class=\"elementor-element elementor-element-f68f1fc e-flex e-con-boxed wpr-particle-no wpr-jarallax-no wpr-parallax-no wpr-sticky-section-no wpr-equal-height-no e-con e-parent\" data-id=\"f68f1fc\" data-element_type=\"container\" data-e-type=\"container\">\n\t\t\t\t\t<div class=\"e-con-inner\">\n\t\t\t\t<div class=\"elementor-element elementor-element-fd9f685 elementor-widget elementor-widget-heading\" data-id=\"fd9f685\" data-element_type=\"widget\" data-e-type=\"widget\" data-widget_type=\"heading.default\">\n\t\t\t\t<div class=\"elementor-widget-container\">\n\t\t\t\t\t<h2 class=\"elementor-heading-title elementor-size-default\">F\u00f6rderclub 100<\/h2>\t\t\t\t<\/div>\n\t\t\t\t<\/div>\n\t\t\t\t<div class=\"elementor-element elementor-element-0462b7a elementor-widget elementor-widget-text-editor\" data-id=\"0462b7a\" data-element_type=\"widget\" data-e-type=\"widget\" data-widget_type=\"text-editor.default\">\n\t\t\t\t<div class=\"elementor-widget-container\">\n\t\t\t\t\t\t\t\t\t<p><strong>Aktiv f\u00f6rdern!<\/strong><\/p><p>Der F\u00f6rderclub unterst\u00fctzt ausschlie\u00dflich die Jugendarbeit des TMA Freilassing. Es gibt die unterschiedlichsten M\u00f6glichkeiten sich einzubringen. Sie werden Mitglied im \u201eF\u00f6rderclub 100\u201c (100,00 \u20ac Beitrag im Jahr) und partizipieren von den unterschiedlichen Werbem\u00f6glichkeiten.<\/p><p><strong>Was k\u00f6nnen wir anbieten:<\/strong><\/p><ul><li>Logopr\u00e4sentation auf der Homepage mit Verlinkung zu Ihrer Homepage<\/li><li>Pr\u00e4sentationsaufkleber auf der Sponsoren- und F\u00f6rderertafel im Vereinsheim<\/li><li>Der TMA Freilassing r\u00e4umt Ihnen die Befugnis ein, in der eigenen Werbung die<br \/>Bezeichnung &#8222;F\u00f6rderer des TMA Freilassing&#8220; zu verwenden.<\/li><\/ul><p>Der Nachwuchs bedankt sich schon heute f\u00fcr Ihr pers\u00f6nliches Engagement.<\/p><p>Haben Sie Interesse am F\u00f6rderclub? F\u00fcr Informationen und individuelle Konzepte stehen wir gerne zur Verf\u00fcgung. Ihre Ansprechpartner im Verein sind:<\/p><p>Erwin Leutgeb, Richard Stimmler,\u00a0Timo St\u00fcmpfle,\u00a0Helmut Tamerl<\/p>\t\t\t\t\t\t\t\t<\/div>\n\t\t\t\t<\/div>\n\t\t\t\t<div class=\"elementor-element elementor-element-6049cfb elementor-widget-divider--view-line elementor-widget elementor-widget-divider\" data-id=\"6049cfb\" data-element_type=\"widget\" data-e-type=\"widget\" data-widget_type=\"divider.default\">\n\t\t\t\t<div class=\"elementor-widget-container\">\n\t\t\t\t\t\t\t<div class=\"elementor-divider\">\n\t\t\t<span class=\"elementor-divider-separator\">\n\t\t\t\t\t\t<\/span>\n\t\t<\/div>\n\t\t\t\t\t\t<\/div>\n\t\t\t\t<\/div>\n\t\t\t\t<div class=\"elementor-element elementor-element-edc3f8e elementor-widget elementor-widget-heading\" data-id=\"edc3f8e\" data-element_type=\"widget\" data-e-type=\"widget\" data-widget_type=\"heading.default\">\n\t\t\t\t<div class=\"elementor-widget-container\">\n\t\t\t\t\t<h2 class=\"elementor-heading-title elementor-size-default\">Spenden<\/h2>\t\t\t\t<\/div>\n\t\t\t\t<\/div>\n\t\t\t\t<div class=\"elementor-element elementor-element-492a6f9 elementor-widget elementor-widget-text-editor\" data-id=\"492a6f9\" data-element_type=\"widget\" data-e-type=\"widget\" data-widget_type=\"text-editor.default\">\n\t\t\t\t<div class=\"elementor-widget-container\">\n\t\t\t\t\t\t\t\t\t<p>Mit einer Spende an den Tennisverein Max Aicher Freilassing e.V. leisten Sie einen Beitrag, den gemeinn\u00fctzigen Zweck unseres Vereins &#8211; F\u00f6rderung des Tennissports &#8211; zu verwirklichen.<\/p><p>Selbstverst\u00e4ndlich verwenden wir Spenden ausschlie\u00dflich nach Ihren Vorgaben. So k\u00f6nnen Sie eine Spende z.B. f\u00fcr das Kidstraining oder das Jugendtraining bestimmen. Vielleicht wollen Sie auch eine Mannschaft Ihrer Wahl unterst\u00fctzen oder auch die Anschaffung von Ger\u00e4tschaften bzw. Ausstattungen f\u00fcr die Tennisanlage erm\u00f6glichen.<\/p><p>Wir werden alle Spender bei der Jahreshauptversammlung namentlich erw\u00e4hnen.<\/p><p><strong>Unsere\u00a0<\/strong><strong>Bankverbindung: <\/strong><\/p><p><strong>Sparkasse BGL<br \/><\/strong><strong>IBAN: DE95710500000000117267<\/strong><\/p><p>Sie erhalten innerhalb von 4 Wochen eine Spendenbescheinigung!<\/p>\t\t\t\t\t\t\t\t<\/div>\n\t\t\t\t<\/div>\n\t\t\t\t<div class=\"elementor-element elementor-element-d97b1f9 elementor-widget-divider--view-line elementor-widget elementor-widget-divider\" data-id=\"d97b1f9\" data-element_type=\"widget\" data-e-type=\"widget\" data-widget_type=\"divider.default\">\n\t\t\t\t<div class=\"elementor-widget-container\">\n\t\t\t\t\t\t\t<div class=\"elementor-divider\">\n\t\t\t<span class=\"elementor-divider-separator\">\n\t\t\t\t\t\t<\/span>\n\t\t<\/div>\n\t\t\t\t\t\t<\/div>\n\t\t\t\t<\/div>\n\t\t\t\t<div class=\"elementor-element elementor-element-3b705a1 elementor-widget elementor-widget-heading\" data-id=\"3b705a1\" data-element_type=\"widget\" data-e-type=\"widget\" data-widget_type=\"heading.default\">\n\t\t\t\t<div class=\"elementor-widget-container\">\n\t\t\t\t\t<h2 class=\"elementor-heading-title elementor-size-default\">Sponsoren und F\u00f6rderer<\/h2>\t\t\t\t<\/div>\n\t\t\t\t<\/div>\n\t\t\t\t<div class=\"elementor-element elementor-element-a316ad3 elementor-widget elementor-widget-text-editor\" data-id=\"a316ad3\" data-element_type=\"widget\" data-e-type=\"widget\" data-widget_type=\"text-editor.default\">\n\t\t\t\t<div class=\"elementor-widget-container\">\n\t\t\t\t\t\t\t\t\t<p>Der TMA Freilassing bedankt sich bei allen Sponsoren und F\u00f6rderer.<\/p><h4>Hauptsponsor und\u00a0Namensgeber des Vereins:<\/h4><p><img fetchpriority=\"high\" decoding=\"async\" class=\"alignnone  wp-image-427\" src=\"https:\/\/jaeger.expert\/tma\/wp-content\/uploads\/2023\/09\/picture-1600-300x80.jpg\" alt=\"\" width=\"443\" height=\"118\" srcset=\"https:\/\/jaeger.expert\/tma\/wp-content\/uploads\/2023\/09\/picture-1600-300x80.jpg 300w, https:\/\/jaeger.expert\/tma\/wp-content\/uploads\/2023\/09\/picture-1600-1024x274.jpg 1024w, https:\/\/jaeger.expert\/tma\/wp-content\/uploads\/2023\/09\/picture-1600-768x205.jpg 768w, https:\/\/jaeger.expert\/tma\/wp-content\/uploads\/2023\/09\/picture-1600-1536x411.jpg 1536w, https:\/\/jaeger.expert\/tma\/wp-content\/uploads\/2023\/09\/picture-1600.jpg 1600w\" sizes=\"(max-width: 443px) 100vw, 443px\" \/><\/p>\t\t\t\t\t\t\t\t<\/div>\n\t\t\t\t<\/div>\n\t\t\t\t<div class=\"elementor-element elementor-element-ce646ee elementor-widget elementor-widget-heading\" data-id=\"ce646ee\" data-element_type=\"widget\" data-e-type=\"widget\" data-widget_type=\"heading.default\">\n\t\t\t\t<div class=\"elementor-widget-container\">\n\t\t\t\t\t<h2 class=\"elementor-heading-title elementor-size-default\">Weitere Sponsoren<\/h2>\t\t\t\t<\/div>\n\t\t\t\t<\/div>\n\t\t<div class=\"elementor-element elementor-element-8af5f56 e-grid e-con-full wpr-particle-no wpr-jarallax-no wpr-parallax-no wpr-sticky-section-no wpr-equal-height-no e-con e-child\" data-id=\"8af5f56\" data-element_type=\"container\" data-e-type=\"container\">\n\t\t\t\t<div class=\"elementor-element elementor-element-a36b926 elementor-widget elementor-widget-text-editor\" data-id=\"a36b926\" data-element_type=\"widget\" data-e-type=\"widget\" data-widget_type=\"text-editor.default\">\n\t\t\t\t<div class=\"elementor-widget-container\">\n\t\t\t\t\t\t\t\t\t<p><img decoding=\"async\" class=\"alignnone size-medium wp-image-428\" src=\"https:\/\/jaeger.expert\/tma\/wp-content\/uploads\/2023\/09\/ALLIANZ_LOGO-I-300x74.jpg\" alt=\"\" width=\"300\" height=\"74\" srcset=\"https:\/\/jaeger.expert\/tma\/wp-content\/uploads\/2023\/09\/ALLIANZ_LOGO-I-300x74.jpg 300w, https:\/\/jaeger.expert\/tma\/wp-content\/uploads\/2023\/09\/ALLIANZ_LOGO-I-1024x254.jpg 1024w, https:\/\/jaeger.expert\/tma\/wp-content\/uploads\/2023\/09\/ALLIANZ_LOGO-I-768x190.jpg 768w, https:\/\/jaeger.expert\/tma\/wp-content\/uploads\/2023\/09\/ALLIANZ_LOGO-I.jpg 1155w\" sizes=\"(max-width: 300px) 100vw, 300px\" \/><\/p><p>Allianz Versicherung<br \/>Schmidbauer u. Bauer GbR<br \/>83404 Ainring, Salzburger Str. 17<\/p>\t\t\t\t\t\t\t\t<\/div>\n\t\t\t\t<\/div>\n\t\t\t\t<div class=\"elementor-element elementor-element-fe1cf33 elementor-widget elementor-widget-text-editor\" data-id=\"fe1cf33\" data-element_type=\"widget\" data-e-type=\"widget\" data-widget_type=\"text-editor.default\">\n\t\t\t\t<div class=\"elementor-widget-container\">\n\t\t\t\t\t\t\t\t\t<p><img decoding=\"async\" class=\"alignnone size-medium wp-image-431\" src=\"https:\/\/jaeger.expert\/tma\/wp-content\/uploads\/2023\/09\/picture-1600-1-300x128.jpg\" alt=\"\" width=\"300\" height=\"128\" srcset=\"https:\/\/jaeger.expert\/tma\/wp-content\/uploads\/2023\/09\/picture-1600-1-300x128.jpg 300w, https:\/\/jaeger.expert\/tma\/wp-content\/uploads\/2023\/09\/picture-1600-1-1024x438.jpg 1024w, https:\/\/jaeger.expert\/tma\/wp-content\/uploads\/2023\/09\/picture-1600-1-768x328.jpg 768w, https:\/\/jaeger.expert\/tma\/wp-content\/uploads\/2023\/09\/picture-1600-1-1536x657.jpg 1536w, https:\/\/jaeger.expert\/tma\/wp-content\/uploads\/2023\/09\/picture-1600-1.jpg 1600w\" sizes=\"(max-width: 300px) 100vw, 300px\" \/><\/p><p>LVM-Versicherungsagentur<br \/>Mathias Fembacher<br \/>83395 Freilassing,\u00a0Kreuzederstr. 12<\/p>\t\t\t\t\t\t\t\t<\/div>\n\t\t\t\t<\/div>\n\t\t\t\t<div class=\"elementor-element elementor-element-84f290c elementor-widget elementor-widget-text-editor\" data-id=\"84f290c\" data-element_type=\"widget\" data-e-type=\"widget\" data-widget_type=\"text-editor.default\">\n\t\t\t\t<div class=\"elementor-widget-container\">\n\t\t\t\t\t\t\t\t\t<p><img loading=\"lazy\" decoding=\"async\" class=\"alignnone size-medium wp-image-429\" src=\"https:\/\/jaeger.expert\/tma\/wp-content\/uploads\/2023\/09\/Hawle_LOGO_2c-300x103.jpg\" alt=\"\" width=\"300\" height=\"103\" srcset=\"https:\/\/jaeger.expert\/tma\/wp-content\/uploads\/2023\/09\/Hawle_LOGO_2c-300x103.jpg 300w, https:\/\/jaeger.expert\/tma\/wp-content\/uploads\/2023\/09\/Hawle_LOGO_2c-768x264.jpg 768w, https:\/\/jaeger.expert\/tma\/wp-content\/uploads\/2023\/09\/Hawle_LOGO_2c.jpg 822w\" sizes=\"(max-width: 300px) 100vw, 300px\" \/><\/p><div id=\"widgetcontainer_STRATP_cm4all_com_widgets_UroPhoto_39508886\" class=\"cm_widget cm4all_com_widgets_UroPhoto cm_widget_float_left cm-pixel-large\">\u00a0<\/div>\t\t\t\t\t\t\t\t<\/div>\n\t\t\t\t<\/div>\n\t\t\t\t<div class=\"elementor-element elementor-element-5b08cf8 elementor-widget elementor-widget-text-editor\" data-id=\"5b08cf8\" data-element_type=\"widget\" data-e-type=\"widget\" data-widget_type=\"text-editor.default\">\n\t\t\t\t<div class=\"elementor-widget-container\">\n\t\t\t\t\t\t\t\t\t<div id=\"widgetcontainer_STRATP_cm4all_com_widgets_UroPhoto_39508886\" class=\"cm_widget cm4all_com_widgets_UroPhoto cm_widget_float_left cm-pixel-large\"><div data-uro-type=\"image\"><img loading=\"lazy\" decoding=\"async\" class=\"alignnone size-medium wp-image-432\" src=\"https:\/\/jaeger.expert\/tma\/wp-content\/uploads\/2023\/09\/picture-1600-2-300x56.jpg\" alt=\"\" width=\"300\" height=\"56\" srcset=\"https:\/\/jaeger.expert\/tma\/wp-content\/uploads\/2023\/09\/picture-1600-2-300x56.jpg 300w, https:\/\/jaeger.expert\/tma\/wp-content\/uploads\/2023\/09\/picture-1600-2-1024x189.jpg 1024w, https:\/\/jaeger.expert\/tma\/wp-content\/uploads\/2023\/09\/picture-1600-2-768x142.jpg 768w, https:\/\/jaeger.expert\/tma\/wp-content\/uploads\/2023\/09\/picture-1600-2-1536x284.jpg 1536w, https:\/\/jaeger.expert\/tma\/wp-content\/uploads\/2023\/09\/picture-1600-2.jpg 1600w\" sizes=\"(max-width: 300px) 100vw, 300px\" \/><\/div><\/div>\t\t\t\t\t\t\t\t<\/div>\n\t\t\t\t<\/div>\n\t\t\t\t<div class=\"elementor-element elementor-element-481e2d7 elementor-widget elementor-widget-text-editor\" data-id=\"481e2d7\" data-element_type=\"widget\" data-e-type=\"widget\" data-widget_type=\"text-editor.default\">\n\t\t\t\t<div class=\"elementor-widget-container\">\n\t\t\t\t\t\t\t\t\t<div data-uro-type=\"image\"><img loading=\"lazy\" decoding=\"async\" class=\"alignnone size-medium wp-image-430\" src=\"https:\/\/jaeger.expert\/tma\/wp-content\/uploads\/2023\/09\/JPG_Gewinnsparverein-Logo1_original-300x290.jpg\" alt=\"\" width=\"300\" height=\"290\" srcset=\"https:\/\/jaeger.expert\/tma\/wp-content\/uploads\/2023\/09\/JPG_Gewinnsparverein-Logo1_original-300x290.jpg 300w, https:\/\/jaeger.expert\/tma\/wp-content\/uploads\/2023\/09\/JPG_Gewinnsparverein-Logo1_original.jpg 600w\" sizes=\"(max-width: 300px) 100vw, 300px\" \/><\/div>\t\t\t\t\t\t\t\t<\/div>\n\t\t\t\t<\/div>\n\t\t\t\t<\/div>\n\t\t\t\t\t<\/div>\n\t\t\t\t<\/div>\n\t\t\t\t<\/div>\n\t\t","protected":false},"excerpt":{"rendered":"<p>Spenden und Sponsoring Warum ist Tennis attraktiv f\u00fcr Sponsoring? Tennis ist nach dem Fu\u00dfball die beliebteste Sportart in Deutschland. Tennis hat in Freilassing eine lange Tradition. Seit 1953 wird in Freilassing Tennis gespielt. Anfangs beim ESV Freilassing und ab 1971 beim TC Freilassing. 2017, durch die Fusion der beiden Vereine zum Tennisverein Max Aicher Freilassing, wird diese Tradition fortgesetzt.\u00a0Der TMA Freilassing hat zirka 150 Mitglieder aller Altersklassen, die dem Tennissport auf unserer sehr attraktiven Anlage am Heideweg nachgehen.Ein zukunftsorientierter Verein ben\u00f6tigt Sponsoring, um den vielf\u00e4ltigen Anspr\u00fcchen, vor allem in der Jugendarbeit gerecht werden zu k\u00f6nnen. Sponsoren best\u00e4tigen gleichzeitig aber auch die Attraktivit\u00e4t des TMA Freilassing und profitieren selbst von unserem positiven Image in der Region. Wir streben langfristige Kooperationen mit Sponsoren an. Was k\u00f6nnen wir anbieten: Product placement bei Turnieren und Veranstaltungen des Vereins Verlinktes Firmenlogo auf unserer Homepage Branding auf Mannschaftsdressen Sichtblenden\u2013 und Bandenwerbung auf der Tennisanlage Aufstellen eines Firmen-Rollups bei Veranstaltungen des TMA Freilassing F\u00f6rderclub 100 F\u00f6rderclub 100 Spenden Sponsoring Haben Sie Interesse an einem Sponsoring-Engagement? F\u00fcr Informationen und individuelle Konzepte stehen wir gerne zur Verf\u00fcgung. Ihre Ansprechpartner im Verein sind: Richard Stimmler,\u00a0Timo St\u00fcmpfle,\u00a0Viktor Schmidt,\u00a0Helmut Tamerl Vorstand kontaktieren F\u00f6rderclub 100 Aktiv f\u00f6rdern! Der F\u00f6rderclub unterst\u00fctzt ausschlie\u00dflich die Jugendarbeit des TMA Freilassing. Es gibt die unterschiedlichsten M\u00f6glichkeiten sich einzubringen. Sie werden Mitglied im \u201eF\u00f6rderclub 100\u201c (100,00 \u20ac Beitrag im Jahr) und partizipieren von den unterschiedlichen Werbem\u00f6glichkeiten. Was k\u00f6nnen wir anbieten: Logopr\u00e4sentation auf der Homepage mit Verlinkung zu Ihrer Homepage Pr\u00e4sentationsaufkleber auf der Sponsoren- und F\u00f6rderertafel im Vereinsheim Der TMA Freilassing r\u00e4umt Ihnen die Befugnis ein, in der eigenen Werbung dieBezeichnung &#8222;F\u00f6rderer des TMA Freilassing&#8220; zu verwenden. Der Nachwuchs bedankt sich schon heute f\u00fcr Ihr pers\u00f6nliches Engagement. Haben Sie Interesse am F\u00f6rderclub? F\u00fcr Informationen und individuelle Konzepte stehen wir gerne zur Verf\u00fcgung. Ihre Ansprechpartner im Verein sind: Erwin Leutgeb, Richard Stimmler,\u00a0Timo St\u00fcmpfle,\u00a0Helmut Tamerl Spenden Mit einer Spende an den Tennisverein Max Aicher Freilassing e.V. leisten Sie einen Beitrag, den gemeinn\u00fctzigen Zweck unseres Vereins &#8211; F\u00f6rderung des Tennissports &#8211; zu verwirklichen. Selbstverst\u00e4ndlich verwenden wir Spenden ausschlie\u00dflich nach Ihren Vorgaben. So k\u00f6nnen Sie eine Spende z.B. f\u00fcr das Kidstraining oder das Jugendtraining bestimmen. Vielleicht wollen Sie auch eine Mannschaft Ihrer Wahl unterst\u00fctzen oder auch die Anschaffung von Ger\u00e4tschaften bzw. Ausstattungen f\u00fcr die Tennisanlage erm\u00f6glichen. Wir werden alle Spender bei der Jahreshauptversammlung namentlich erw\u00e4hnen. Unsere\u00a0Bankverbindung: Sparkasse BGLIBAN: DE95710500000000117267 Sie erhalten innerhalb von 4 Wochen eine Spendenbescheinigung! Sponsoren und F\u00f6rderer Der TMA Freilassing bedankt sich bei allen Sponsoren und F\u00f6rderer. Hauptsponsor und\u00a0Namensgeber des Vereins: Weitere Sponsoren Allianz VersicherungSchmidbauer u. Bauer GbR83404 Ainring, Salzburger Str. 17 LVM-VersicherungsagenturMathias Fembacher83395 Freilassing,\u00a0Kreuzederstr. 12 \u00a0<\/p>\n","protected":false},"author":1,"featured_media":0,"parent":0,"menu_order":0,"comment_status":"closed","ping_status":"closed","template":"elementor_header_footer","meta":{"footnotes":""},"class_list":["post-809","page","type-page","status-publish","hentry"],"_links":{"self":[{"href":"https:\/\/jaeger.expert\/tma\/wp-json\/wp\/v2\/pages\/809","targetHints":{"allow":["GET"]}}],"collection":[{"href":"https:\/\/jaeger.expert\/tma\/wp-json\/wp\/v2\/pages"}],"about":[{"href":"https:\/\/jaeger.expert\/tma\/wp-json\/wp\/v2\/types\/page"}],"author":[{"embeddable":true,"href":"https:\/\/jaeger.expert\/tma\/wp-json\/wp\/v2\/users\/1"}],"replies":[{"embeddable":true,"href":"https:\/\/jaeger.expert\/tma\/wp-json\/wp\/v2\/comments?post=809"}],"version-history":[{"count":64,"href":"https:\/\/jaeger.expert\/tma\/wp-json\/wp\/v2\/pages\/809\/revisions"}],"predecessor-version":[{"id":1260,"href":"https:\/\/jaeger.expert\/tma\/wp-json\/wp\/v2\/pages\/809\/revisions\/1260"}],"wp:attachment":[{"href":"https:\/\/jaeger.expert\/tma\/wp-json\/wp\/v2\/media?parent=809"}],"curies":[{"name":"wp","href":"https:\/\/api.w.org\/{rel}","templated":true}]}}