{"id":759,"date":"2023-09-21T17:40:52","date_gmt":"2023-09-21T15:40:52","guid":{"rendered":"https:\/\/jaeger.expert\/tma\/?page_id=759"},"modified":"2025-04-25T08:49:20","modified_gmt":"2025-04-25T06:49:20","slug":"jugendbereich","status":"publish","type":"page","link":"https:\/\/jaeger.expert\/tma\/jugendbereich\/","title":{"rendered":"Jugendbereich"},"content":{"rendered":"\t\t<div data-elementor-type=\"wp-page\" data-elementor-id=\"759\" class=\"elementor elementor-759\" data-elementor-post-type=\"page\">\n\t\t\t\t<div class=\"elementor-element elementor-element-523d308 e-flex e-con-boxed wpr-particle-no wpr-jarallax-no wpr-parallax-no wpr-sticky-section-no wpr-equal-height-no e-con e-parent\" data-id=\"523d308\" data-element_type=\"container\" data-e-type=\"container\">\n\t\t\t\t\t<div class=\"e-con-inner\">\n\t\t\t\t<div class=\"elementor-element elementor-element-2ee71fd elementor-widget elementor-widget-heading\" data-id=\"2ee71fd\" data-element_type=\"widget\" data-e-type=\"widget\" data-widget_type=\"heading.default\">\n\t\t\t\t<div class=\"elementor-widget-container\">\n\t\t\t\t\t<h2 class=\"elementor-heading-title elementor-size-default\">Willkommen im Jugendbereich<\/h2>\t\t\t\t<\/div>\n\t\t\t\t<\/div>\n\t\t\t\t<div class=\"elementor-element elementor-element-cce5802 elementor-widget elementor-widget-text-editor\" data-id=\"cce5802\" data-element_type=\"widget\" data-e-type=\"widget\" data-widget_type=\"text-editor.default\">\n\t\t\t\t<div class=\"elementor-widget-container\">\n\t\t\t\t\t\t\t\t\t<p>Hallo Kids,<\/p><p>Tennis ist ein toller Sport und bedeutet Spiel, Spa\u00df und Leidenschaft! Ihr seid tennisbegeistert und habt Lust eure F\u00e4higkeiten zu trainieren? Dann traut Euch und macht mit!<\/p><p><img fetchpriority=\"high\" decoding=\"async\" class=\" wp-image-1220 alignright\" src=\"https:\/\/jaeger.expert\/tma\/wp-content\/uploads\/2025\/04\/IMG-6704-300x225.jpeg\" alt=\"\" width=\"388\" height=\"291\" srcset=\"https:\/\/jaeger.expert\/tma\/wp-content\/uploads\/2025\/04\/IMG-6704-300x225.jpeg 300w, https:\/\/jaeger.expert\/tma\/wp-content\/uploads\/2025\/04\/IMG-6704.jpeg 640w\" sizes=\"(max-width: 388px) 100vw, 388px\" \/><\/p><p>Seit ein paar Jahren arbeitet der TMA Freilassing mir\u00a0Mike Andreason\/EUROELITE GERMANY Academy\/Piding erfolgreich zusammen. Die Trainer f\u00fchren in Kursen Kids und Jugendliche spielerisch an den Tennissport heran und erm\u00f6glichen den Kursteilnehmern so auch den Einstieg in den Wettkampfsport. Unser Bestreben und damit Ziel ist es, m\u00f6glichst viele Kinder und Jugendliche f\u00fcr den Tennissport zu interessieren und in die aktive Gemeinschaft unseres Tennisvereins einzubinden.<\/p><p>Aus diesem Grund gibt es bei uns auch eine Jugendf\u00f6rderung f\u00fcr Kinder und Jugendliche die Vereinsmitglieder sind und sich auch bereit erkl\u00e4ren, an den Mannschaftswettk\u00e4mpfen des BTV teilzunehmen.<\/p><p>Jugendliche Nichtmitglieder haben bei uns aber auch die M\u00f6glichkeit in \u201eSchnupperkursen\u201c das Tennisspielen zu erlernen. Nach Absolvierung von drei Schnupperkursen ist aber der Beitritt in den Verein zwingend vorgeschrieben. Hier appellieren wir an die Eltern, erm\u00f6glicht euren Kindern das Tennisspielen zu erlernen und noch besser w\u00e4re es nat\u00fcrlich, wenn sich die gesamte Familie im Verein integriert und aktiv ist, dann macht Tennis noch mehr Spa\u00df.<\/p><p>Wir haben Dein Interesse geweckt? Nimm Kontakt mit uns auf! Hierzu verwende einfach unser\u00a0<a class=\"cm_anchor\" href=\"https:\/\/www.tma-freilassing.de\/Kontakt-Anfahrt\/\">Kontaktformular<\/a>\u00a0oder schau direkt auf unserer Tennisanlage vorbei.<\/p><p>Du bist herzlich eingeladen mitzumachen!<\/p>\t\t\t\t\t\t\t\t<\/div>\n\t\t\t\t<\/div>\n\t\t<div class=\"elementor-element elementor-element-8131d9f e-grid e-con-full wpr-particle-no wpr-jarallax-no wpr-parallax-no wpr-sticky-section-no wpr-equal-height-no e-con e-child\" data-id=\"8131d9f\" data-element_type=\"container\" data-e-type=\"container\">\n\t\t\t\t<div class=\"elementor-element elementor-element-3ff49d4 elementor-widget elementor-widget-text-editor\" data-id=\"3ff49d4\" data-element_type=\"widget\" data-e-type=\"widget\" data-widget_type=\"text-editor.default\">\n\t\t\t\t<div class=\"elementor-widget-container\">\n\t\t\t\t\t\t\t\t\t<h5>Trainerkontakt:<\/h5><p><strong>Michi Noppinger<\/strong><br \/>Tel.: +49 151 41828996 <br \/>e-mail: nopp.ei@hotmail.de<\/p>\t\t\t\t\t\t\t\t<\/div>\n\t\t\t\t<\/div>\n\t\t\t\t<div class=\"elementor-element elementor-element-e48b270 elementor-widget elementor-widget-text-editor\" data-id=\"e48b270\" data-element_type=\"widget\" data-e-type=\"widget\" data-widget_type=\"text-editor.default\">\n\t\t\t\t<div class=\"elementor-widget-container\">\n\t\t\t\t\t\t\t\t\t<h5>Tennis for Kids<\/h5><p>Termin immer dienstags, 14 bis 15 Uhr<br \/>Kursdauer 10 Wochen a&#8216; 1 Stunde<br \/>Preis: \u20ac 50<br \/>Kursstart: voraussichtlich Ende April<\/p>\t\t\t\t\t\t\t\t<\/div>\n\t\t\t\t<\/div>\n\t\t\t\t<\/div>\n\t\t\t\t<div class=\"elementor-element elementor-element-5d7cb99 elementor-widget elementor-widget-heading\" data-id=\"5d7cb99\" data-element_type=\"widget\" data-e-type=\"widget\" data-widget_type=\"heading.default\">\n\t\t\t\t<div class=\"elementor-widget-container\">\n\t\t\t\t\t<h2 class=\"elementor-heading-title elementor-size-default\">Was ihr noch wissen solltet!<\/h2>\t\t\t\t<\/div>\n\t\t\t\t<\/div>\n\t\t\t\t<div class=\"elementor-element elementor-element-202e6a2 elementor-widget elementor-widget-eael-adv-accordion\" data-id=\"202e6a2\" data-element_type=\"widget\" data-e-type=\"widget\" data-widget_type=\"eael-adv-accordion.default\">\n\t\t\t\t<div class=\"elementor-widget-container\">\n\t\t\t\t\t            <div class=\"eael-adv-accordion\" id=\"eael-adv-accordion-202e6a2\" data-scroll-on-click=\"no\" data-scroll-speed=\"300\" data-accordion-id=\"202e6a2\" data-accordion-type=\"accordion\" data-toogle-speed=\"300\">\n            <div class=\"eael-accordion-list\">\n\t\t\t\t\t<div id=\"warum-tennis-spielen-und-in-welchem-alter-kann-man-beginnen\" class=\"elementor-tab-title eael-accordion-header\" tabindex=\"0\" data-tab=\"1\" aria-controls=\"elementor-tab-content-3371\"><span class=\"eael-advanced-accordion-icon-closed\"><i aria-hidden=\"true\" class=\"fa-accordion-icon fas fa-plus\"><\/i><\/span><span class=\"eael-advanced-accordion-icon-opened\"><i aria-hidden=\"true\" class=\"fa-accordion-icon fas fa-minus\"><\/i><\/span><span class=\"eael-accordion-tab-title\">Warum Tennis spielen und in welchem Alter kann man beginnen?<\/span><i aria-hidden=\"true\" class=\"fa-toggle fas fa-angle-right\"><\/i><\/div><div id=\"elementor-tab-content-3371\" class=\"eael-accordion-content clearfix\" data-tab=\"1\" aria-labelledby=\"warum-tennis-spielen-und-in-welchem-alter-kann-man-beginnen\"><p>Tennis ist ein Sport, der weltweit gespielt wird, ein Sport f\u00fcr M\u00e4dchen und Knaben gleicherma\u00dfen und miteinander, es ist ein Sport, den man wirklich bis ins hohe Alter betreiben kann. Tennis ist auch ein Mannschafts- und zugleich ein Einzelsport. Im Tennisclub lernt man nette Menschen und Freunde kennen. Beginnen kann man schon im Kindergartenalter.<\/p><\/div>\n\t\t\t\t\t<\/div><div class=\"eael-accordion-list\">\n\t\t\t\t\t<div id=\"welche-ausrstung-braucht-man\" class=\"elementor-tab-title eael-accordion-header\" tabindex=\"0\" data-tab=\"2\" aria-controls=\"elementor-tab-content-3372\"><span class=\"eael-advanced-accordion-icon-closed\"><i aria-hidden=\"true\" class=\"fa-accordion-icon fas fa-plus\"><\/i><\/span><span class=\"eael-advanced-accordion-icon-opened\"><i aria-hidden=\"true\" class=\"fa-accordion-icon fas fa-minus\"><\/i><\/span><span class=\"eael-accordion-tab-title\">Welche Ausr\u00fcstung braucht man?<\/span><i aria-hidden=\"true\" class=\"fa-toggle fas fa-angle-right\"><\/i><\/div><div id=\"elementor-tab-content-3372\" class=\"eael-accordion-content clearfix\" data-tab=\"2\" aria-labelledby=\"welche-ausrstung-braucht-man\"><p>Tennisschl\u00e4ger kann man anfangs bei den Trainern aber auch beim TMA Freilassing ausleihen. Tennis-Sandplatzschuhe mit einem niedrigen Profil sind aber ein Muss. Als Kleidung ist jede Art von Sportkleidung geeignet.<\/p><\/div>\n\t\t\t\t\t<\/div><div class=\"eael-accordion-list\">\n\t\t\t\t\t<div id=\"wer-sind-die-trainerinnen-beim-tma-freilassing\" class=\"elementor-tab-title eael-accordion-header\" tabindex=\"0\" data-tab=\"3\" aria-controls=\"elementor-tab-content-3373\"><span class=\"eael-advanced-accordion-icon-closed\"><i aria-hidden=\"true\" class=\"fa-accordion-icon fas fa-plus\"><\/i><\/span><span class=\"eael-advanced-accordion-icon-opened\"><i aria-hidden=\"true\" class=\"fa-accordion-icon fas fa-minus\"><\/i><\/span><span class=\"eael-accordion-tab-title\">Wer sind die Trainer:innen beim TMA Freilassing?<\/span><i aria-hidden=\"true\" class=\"fa-toggle fas fa-angle-right\"><\/i><\/div><div id=\"elementor-tab-content-3373\" class=\"eael-accordion-content clearfix\" data-tab=\"3\" aria-labelledby=\"wer-sind-die-trainerinnen-beim-tma-freilassing\"><p>Wir arbeiten mit der Tennisschule Mike Andreasson aus Piding zusammen. Die Tennisschule macht die Einteilung und gestaltet das Training. Der Verein schafft die Rahmenbedingungen um Kids und Jugendlichen ein einfaches, spielerisches Erlernen dieser faszinierenden Sportart zu erm\u00f6glichen.<\/p><\/div>\n\t\t\t\t\t<\/div><div class=\"eael-accordion-list\">\n\t\t\t\t\t<div id=\"wann-und-wie-oft-sollte-man-trainieren\" class=\"elementor-tab-title eael-accordion-header\" tabindex=\"0\" data-tab=\"4\" aria-controls=\"elementor-tab-content-3374\"><span class=\"eael-advanced-accordion-icon-closed\"><i aria-hidden=\"true\" class=\"fa-accordion-icon fas fa-plus\"><\/i><\/span><span class=\"eael-advanced-accordion-icon-opened\"><i aria-hidden=\"true\" class=\"fa-accordion-icon fas fa-minus\"><\/i><\/span><span class=\"eael-accordion-tab-title\">Wann und wie oft sollte man trainieren?<\/span><i aria-hidden=\"true\" class=\"fa-toggle fas fa-angle-right\"><\/i><\/div><div id=\"elementor-tab-content-3374\" class=\"eael-accordion-content clearfix\" data-tab=\"4\" aria-labelledby=\"wann-und-wie-oft-sollte-man-trainieren\"><p>Wie bei jeder Sportart sollte man das ganze Jahr \u00fcber wenigstens einmal pro Woche trainieren; besser ist es nat\u00fcrlich, wenn man h\u00e4ufiger trainieren kann. Deshalb soll in den Sommermonaten das \u201efreie\u201c\u00a0Spiel forciert werden.<\/p><\/div>\n\t\t\t\t\t<\/div><div class=\"eael-accordion-list\">\n\t\t\t\t\t<div id=\"welche-kosten-kommen-auf-mich-zu\" class=\"elementor-tab-title eael-accordion-header\" tabindex=\"0\" data-tab=\"5\" aria-controls=\"elementor-tab-content-3375\"><span class=\"eael-advanced-accordion-icon-closed\"><i aria-hidden=\"true\" class=\"fa-accordion-icon fas fa-plus\"><\/i><\/span><span class=\"eael-advanced-accordion-icon-opened\"><i aria-hidden=\"true\" class=\"fa-accordion-icon fas fa-minus\"><\/i><\/span><span class=\"eael-accordion-tab-title\">Welche Kosten kommen auf mich zu?<\/span><i aria-hidden=\"true\" class=\"fa-toggle fas fa-angle-right\"><\/i><\/div><div id=\"elementor-tab-content-3375\" class=\"eael-accordion-content clearfix\" data-tab=\"5\" aria-labelledby=\"welche-kosten-kommen-auf-mich-zu\"><p><strong>1. Mitgliedsbeitrag beim TMA Freilassing<\/strong><\/p><ul><li>Kinder bis 14 Jahre im 1. Jahr 35,00\u20ac;<br \/>ab 2. Jahr 65,00 \u20ac<\/li><li>Jugendliche von 15 bis 18 Jahren\u00a0im 1. Jahr 40,00\u20ac;<br \/>ab 2. Jahr 80,00 \u20ac<\/li><li>Studierende, Auszubildende von\u00a018 bis max. 25 Jahren (auf Antrag)<br \/>im 1. Jahr 40,00\u20ac; ab 2. Jahr 80,00 \u20ac<\/li><\/ul><p><strong>2. Trainingskosten Sommer:<\/strong><br \/>\u00a0\u00a0\u00a0\u00a0 nach Absprache mit den Trainer:innen; die Kosten sind abh\u00e4ngig, wie oft man trainiert und<br \/>\u00a0\u00a0\u00a0\u00a0 wie viele Kinder trainieren!<br \/><strong>3. Hallengeb\u00fchren im Winter zus\u00e4tzlich<\/strong>:<br \/>\u00a0\u00a0\u00a0 Preise stehen noch nicht fest; abh\u00e4ngig von der Teilnehmerzahl!!<\/p><\/div>\n\t\t\t\t\t<\/div><div class=\"eael-accordion-list\">\n\t\t\t\t\t<div id=\"wann-sind-die-besten-spielzeiten-fr-kinder-und-jugendliche\" class=\"elementor-tab-title eael-accordion-header\" tabindex=\"0\" data-tab=\"6\" aria-controls=\"elementor-tab-content-3376\"><span class=\"eael-advanced-accordion-icon-closed\"><i aria-hidden=\"true\" class=\"fa-accordion-icon fas fa-plus\"><\/i><\/span><span class=\"eael-advanced-accordion-icon-opened\"><i aria-hidden=\"true\" class=\"fa-accordion-icon fas fa-minus\"><\/i><\/span><span class=\"eael-accordion-tab-title\">Wann sind die besten Spielzeiten f\u00fcr Kinder und Jugendliche?<\/span><i aria-hidden=\"true\" class=\"fa-toggle fas fa-angle-right\"><\/i><\/div><div id=\"elementor-tab-content-3376\" class=\"eael-accordion-content clearfix\" data-tab=\"6\" aria-labelledby=\"wann-sind-die-besten-spielzeiten-fr-kinder-und-jugendliche\"><p>Kinder und Jugendliche sind auf den Pl\u00e4tzen 1 bis 4 jeweils nur bis 17 Uhr spielberechtigt. Jugendliche in der Berufsausbildung und Jugendliche, die dem Trainingskader der aktiven Mannschaften angeh\u00f6ren, haben das gleiche Spielrecht wie erwachsene Mitglieder.<\/p><\/div>\n\t\t\t\t\t<\/div><div class=\"eael-accordion-list\">\n\t\t\t\t\t<div id=\"verbandsspiele-was-kommt-da-auf-einen-zu\" class=\"elementor-tab-title eael-accordion-header\" tabindex=\"0\" data-tab=\"7\" aria-controls=\"elementor-tab-content-3377\"><span class=\"eael-advanced-accordion-icon-closed\"><i aria-hidden=\"true\" class=\"fa-accordion-icon fas fa-plus\"><\/i><\/span><span class=\"eael-advanced-accordion-icon-opened\"><i aria-hidden=\"true\" class=\"fa-accordion-icon fas fa-minus\"><\/i><\/span><span class=\"eael-accordion-tab-title\">Verbandsspiele \u2013 was kommt da auf einen zu?<\/span><i aria-hidden=\"true\" class=\"fa-toggle fas fa-angle-right\"><\/i><\/div><div id=\"elementor-tab-content-3377\" class=\"eael-accordion-content clearfix\" data-tab=\"7\" aria-labelledby=\"verbandsspiele-was-kommt-da-auf-einen-zu\"><p>Wer sich f\u00fcr das Spiel in einer Mannschaft entschlie\u00dft, verpflichtet sich auch, diese Mannschaft nicht im Stich zu lassen. Das hei\u00dft konkret, dass man grunds\u00e4tzlich immer bei den bis max. 7 Spielen in der Saison dabei sein sollte (Ausnahmen sind m\u00f6glich). Eine Mannschaft verliert, wenn sie nicht p\u00fcnktlich und vollst\u00e4ndig antritt \u2013 egal, wie das Wetter ist!<br \/><br \/>Wer in welcher Mannschaft spielt, wird von den Trainer:innen und Vereinsverantwortlichen nach sportlichen Gesichtspunkten, d.h. Leistungsbezogen festgelegt. Wichtig ist auch, dass Eltern oder Elternteile der Kids bei den Mannschaftswettk\u00e4mpfen dabei sind und dass sie sich f\u00fcr Fahrgemeinschaften bei den Ausw\u00e4rtsspielen zur Verf\u00fcgung stellen. Der Verein hat nicht die M\u00f6glichkeit f\u00fcr alle Jugendmannschaften einen<br \/>Betreuer zur Verf\u00fcgung zu stellen!<\/p><\/div>\n\t\t\t\t\t<\/div><div class=\"eael-accordion-list\">\n\t\t\t\t\t<div id=\"an-wen-wende-ich-mich\" class=\"elementor-tab-title eael-accordion-header\" tabindex=\"0\" data-tab=\"8\" aria-controls=\"elementor-tab-content-3378\"><span class=\"eael-advanced-accordion-icon-closed\"><i aria-hidden=\"true\" class=\"fa-accordion-icon fas fa-plus\"><\/i><\/span><span class=\"eael-advanced-accordion-icon-opened\"><i aria-hidden=\"true\" class=\"fa-accordion-icon fas fa-minus\"><\/i><\/span><span class=\"eael-accordion-tab-title\">An wen wende ich mich?<\/span><i aria-hidden=\"true\" class=\"fa-toggle fas fa-angle-right\"><\/i><\/div><div id=\"elementor-tab-content-3378\" class=\"eael-accordion-content clearfix\" data-tab=\"8\" aria-labelledby=\"an-wen-wende-ich-mich\"><p>Grunds\u00e4tzlich an jeden aus dem Vorstand. Aber auch pers\u00f6nlich im Vereinslokal oder aber \u00fcber unser\u00a0<a class=\"cm_anchor\" href=\"https:\/\/www.tma-freilassing.de\/Kontakt-Anfahrt\/\">Kontaktformular<\/a>.<\/p><\/div>\n\t\t\t\t\t<\/div><\/div>\t\t\t\t<\/div>\n\t\t\t\t<\/div>\n\t\t\t\t\t<\/div>\n\t\t\t\t<\/div>\n\t\t\t\t<\/div>\n\t\t","protected":false},"excerpt":{"rendered":"<p>Willkommen im Jugendbereich Hallo Kids, Tennis ist ein toller Sport und bedeutet Spiel, Spa\u00df und Leidenschaft! Ihr seid tennisbegeistert und habt Lust eure F\u00e4higkeiten zu trainieren? Dann traut Euch und macht mit! Seit ein paar Jahren arbeitet der TMA Freilassing mir\u00a0Mike Andreason\/EUROELITE GERMANY Academy\/Piding erfolgreich zusammen. Die Trainer f\u00fchren in Kursen Kids und Jugendliche spielerisch an den Tennissport heran und erm\u00f6glichen den Kursteilnehmern so auch den Einstieg in den Wettkampfsport. Unser Bestreben und damit Ziel ist es, m\u00f6glichst viele Kinder und Jugendliche f\u00fcr den Tennissport zu interessieren und in die aktive Gemeinschaft unseres Tennisvereins einzubinden. Aus diesem Grund gibt es bei uns auch eine Jugendf\u00f6rderung f\u00fcr Kinder und Jugendliche die Vereinsmitglieder sind und sich auch bereit erkl\u00e4ren, an den Mannschaftswettk\u00e4mpfen des BTV teilzunehmen. Jugendliche Nichtmitglieder haben bei uns aber auch die M\u00f6glichkeit in \u201eSchnupperkursen\u201c das Tennisspielen zu erlernen. Nach Absolvierung von drei Schnupperkursen ist aber der Beitritt in den Verein zwingend vorgeschrieben. Hier appellieren wir an die Eltern, erm\u00f6glicht euren Kindern das Tennisspielen zu erlernen und noch besser w\u00e4re es nat\u00fcrlich, wenn sich die gesamte Familie im Verein integriert und aktiv ist, dann macht Tennis noch mehr Spa\u00df. Wir haben Dein Interesse geweckt? Nimm Kontakt mit uns auf! Hierzu verwende einfach unser\u00a0Kontaktformular\u00a0oder schau direkt auf unserer Tennisanlage vorbei. Du bist herzlich eingeladen mitzumachen! Trainerkontakt: Michi NoppingerTel.: +49 151 41828996 e-mail: nopp.ei@hotmail.de Tennis for Kids Termin immer dienstags, 14 bis 15 UhrKursdauer 10 Wochen a&#8216; 1 StundePreis: \u20ac 50Kursstart: voraussichtlich Ende April Was ihr noch wissen solltet! Warum Tennis spielen und in welchem Alter kann man beginnen? Tennis ist ein Sport, der weltweit gespielt wird, ein Sport f\u00fcr M\u00e4dchen und Knaben gleicherma\u00dfen und miteinander, es ist ein Sport, den man wirklich bis ins hohe Alter betreiben kann. Tennis ist auch ein Mannschafts- und zugleich ein Einzelsport. Im Tennisclub lernt man nette Menschen und Freunde kennen. Beginnen kann man schon im Kindergartenalter. Welche Ausr\u00fcstung braucht man? Tennisschl\u00e4ger kann man anfangs bei den Trainern aber auch beim TMA Freilassing ausleihen. Tennis-Sandplatzschuhe mit einem niedrigen Profil sind aber ein Muss. Als Kleidung ist jede Art von Sportkleidung geeignet. Wer sind die Trainer:innen beim TMA Freilassing? Wir arbeiten mit der Tennisschule Mike Andreasson aus Piding zusammen. Die Tennisschule macht die Einteilung und gestaltet das Training. Der Verein schafft die Rahmenbedingungen um Kids und Jugendlichen ein einfaches, spielerisches Erlernen dieser faszinierenden Sportart zu erm\u00f6glichen. Wann und wie oft sollte man trainieren? Wie bei jeder Sportart sollte man das ganze Jahr \u00fcber wenigstens einmal pro Woche trainieren; besser ist es nat\u00fcrlich, wenn man h\u00e4ufiger trainieren kann. Deshalb soll in den Sommermonaten das \u201efreie\u201c\u00a0Spiel forciert werden. Welche Kosten kommen auf mich zu? 1. Mitgliedsbeitrag beim TMA Freilassing Kinder bis 14 Jahre im 1. Jahr 35,00\u20ac;ab 2. Jahr 65,00 \u20ac Jugendliche von 15 bis 18 Jahren\u00a0im 1. Jahr 40,00\u20ac;ab 2. Jahr 80,00 \u20ac Studierende, Auszubildende von\u00a018 bis max. 25 Jahren (auf Antrag)im 1. Jahr 40,00\u20ac; ab 2. Jahr 80,00 \u20ac 2. Trainingskosten Sommer:\u00a0\u00a0\u00a0\u00a0 nach Absprache mit den Trainer:innen; die Kosten sind abh\u00e4ngig, wie oft man trainiert und\u00a0\u00a0\u00a0\u00a0 wie viele Kinder trainieren!3. Hallengeb\u00fchren im Winter zus\u00e4tzlich:\u00a0\u00a0\u00a0 Preise stehen noch nicht fest; abh\u00e4ngig von der Teilnehmerzahl!! Wann sind die besten Spielzeiten f\u00fcr Kinder und Jugendliche? Kinder und Jugendliche sind auf den Pl\u00e4tzen 1 bis 4 jeweils nur bis 17 Uhr spielberechtigt. Jugendliche in der Berufsausbildung und Jugendliche, die dem Trainingskader der aktiven Mannschaften angeh\u00f6ren, haben das gleiche Spielrecht wie erwachsene Mitglieder. Verbandsspiele \u2013 was kommt da auf einen zu? Wer sich f\u00fcr das Spiel in einer Mannschaft entschlie\u00dft, verpflichtet sich auch, diese Mannschaft nicht im Stich zu lassen. Das hei\u00dft konkret, dass man grunds\u00e4tzlich immer bei den bis max. 7 Spielen in der Saison dabei sein sollte (Ausnahmen sind m\u00f6glich). Eine Mannschaft verliert, wenn sie nicht p\u00fcnktlich und vollst\u00e4ndig antritt \u2013 egal, wie das Wetter ist! Wer in welcher Mannschaft spielt, wird von den Trainer:innen und Vereinsverantwortlichen nach sportlichen Gesichtspunkten, d.h. Leistungsbezogen festgelegt. Wichtig ist auch, dass Eltern oder Elternteile der Kids bei den Mannschaftswettk\u00e4mpfen dabei sind und dass sie sich f\u00fcr Fahrgemeinschaften bei den Ausw\u00e4rtsspielen zur Verf\u00fcgung stellen. Der Verein hat nicht die M\u00f6glichkeit f\u00fcr alle Jugendmannschaften einenBetreuer zur Verf\u00fcgung zu stellen! An wen wende ich mich? Grunds\u00e4tzlich an jeden aus dem Vorstand. Aber auch pers\u00f6nlich im Vereinslokal oder aber \u00fcber unser\u00a0Kontaktformular.<\/p>\n","protected":false},"author":1,"featured_media":0,"parent":0,"menu_order":0,"comment_status":"closed","ping_status":"closed","template":"elementor_header_footer","meta":{"footnotes":""},"class_list":["post-759","page","type-page","status-publish","hentry"],"_links":{"self":[{"href":"https:\/\/jaeger.expert\/tma\/wp-json\/wp\/v2\/pages\/759","targetHints":{"allow":["GET"]}}],"collection":[{"href":"https:\/\/jaeger.expert\/tma\/wp-json\/wp\/v2\/pages"}],"about":[{"href":"https:\/\/jaeger.expert\/tma\/wp-json\/wp\/v2\/types\/page"}],"author":[{"embeddable":true,"href":"https:\/\/jaeger.expert\/tma\/wp-json\/wp\/v2\/users\/1"}],"replies":[{"embeddable":true,"href":"https:\/\/jaeger.expert\/tma\/wp-json\/wp\/v2\/comments?post=759"}],"version-history":[{"count":24,"href":"https:\/\/jaeger.expert\/tma\/wp-json\/wp\/v2\/pages\/759\/revisions"}],"predecessor-version":[{"id":1248,"href":"https:\/\/jaeger.expert\/tma\/wp-json\/wp\/v2\/pages\/759\/revisions\/1248"}],"wp:attachment":[{"href":"https:\/\/jaeger.expert\/tma\/wp-json\/wp\/v2\/media?parent=759"}],"curies":[{"name":"wp","href":"https:\/\/api.w.org\/{rel}","templated":true}]}}