{"id":757,"date":"2023-09-21T17:40:52","date_gmt":"2023-09-21T15:40:52","guid":{"rendered":"https:\/\/jaeger.expert\/tma\/?page_id=757"},"modified":"2025-04-25T08:53:50","modified_gmt":"2025-04-25T06:53:50","slug":"vorstand","status":"publish","type":"page","link":"https:\/\/jaeger.expert\/tma\/vorstand\/","title":{"rendered":"Vorstand"},"content":{"rendered":"\t\t<div data-elementor-type=\"wp-page\" data-elementor-id=\"757\" class=\"elementor elementor-757\" data-elementor-post-type=\"page\">\n\t\t\t\t<div class=\"elementor-element elementor-element-a4392ac e-flex e-con-boxed wpr-particle-no wpr-jarallax-no wpr-parallax-no wpr-sticky-section-no wpr-equal-height-no e-con e-parent\" data-id=\"a4392ac\" data-element_type=\"container\" data-e-type=\"container\">\n\t\t\t\t\t<div class=\"e-con-inner\">\n\t\t\t\t<div class=\"elementor-element elementor-element-0262993 elementor-widget elementor-widget-heading\" data-id=\"0262993\" data-element_type=\"widget\" data-e-type=\"widget\" data-widget_type=\"heading.default\">\n\t\t\t\t<div class=\"elementor-widget-container\">\n\t\t\t\t\t<h2 class=\"elementor-heading-title elementor-size-default\">Vorstand<\/h2>\t\t\t\t<\/div>\n\t\t\t\t<\/div>\n\t\t<div class=\"elementor-element elementor-element-7cb2312 e-grid e-con-full wpr-particle-no wpr-jarallax-no wpr-parallax-no wpr-sticky-section-no wpr-equal-height-no e-con e-child\" data-id=\"7cb2312\" data-element_type=\"container\" data-e-type=\"container\">\n\t\t\t\t<div class=\"elementor-element elementor-element-4c20048 elementor-position-top elementor-widget elementor-widget-image-box\" data-id=\"4c20048\" data-element_type=\"widget\" data-e-type=\"widget\" data-widget_type=\"image-box.default\">\n\t\t\t\t<div class=\"elementor-widget-container\">\n\t\t\t\t\t<div class=\"elementor-image-box-wrapper\"><figure class=\"elementor-image-box-img\"><img fetchpriority=\"high\" decoding=\"async\" width=\"830\" height=\"1132\" src=\"https:\/\/jaeger.expert\/tma\/wp-content\/uploads\/2025\/04\/Leutgeb_1_1.jpg\" class=\"attachment-full size-full wp-image-852\" alt=\"\" srcset=\"https:\/\/jaeger.expert\/tma\/wp-content\/uploads\/2025\/04\/Leutgeb_1_1.jpg 830w, https:\/\/jaeger.expert\/tma\/wp-content\/uploads\/2025\/04\/Leutgeb_1_1-220x300.jpg 220w, https:\/\/jaeger.expert\/tma\/wp-content\/uploads\/2025\/04\/Leutgeb_1_1-751x1024.jpg 751w, https:\/\/jaeger.expert\/tma\/wp-content\/uploads\/2025\/04\/Leutgeb_1_1-768x1047.jpg 768w\" sizes=\"(max-width: 830px) 100vw, 830px\" \/><\/figure><div class=\"elementor-image-box-content\"><h3 class=\"elementor-image-box-title\">Erwin Leutgeb<\/h3><p class=\"elementor-image-box-description\"><h5>1. Vorsitzender<\/h5>\n<p>+49 171 6257235<br>\nLeutgeb@kabelmail.com<\/p><\/p><\/div><\/div>\t\t\t\t<\/div>\n\t\t\t\t<\/div>\n\t\t\t\t<div class=\"elementor-element elementor-element-074d50d elementor-position-top elementor-widget elementor-widget-image-box\" data-id=\"074d50d\" data-element_type=\"widget\" data-e-type=\"widget\" data-widget_type=\"image-box.default\">\n\t\t\t\t<div class=\"elementor-widget-container\">\n\t\t\t\t\t<div class=\"elementor-image-box-wrapper\"><figure class=\"elementor-image-box-img\"><img decoding=\"async\" width=\"640\" height=\"853\" src=\"https:\/\/jaeger.expert\/tma\/wp-content\/uploads\/2025\/04\/Stimmler_1_1.jpg\" class=\"attachment-full size-full wp-image-853\" alt=\"\" srcset=\"https:\/\/jaeger.expert\/tma\/wp-content\/uploads\/2025\/04\/Stimmler_1_1.jpg 640w, https:\/\/jaeger.expert\/tma\/wp-content\/uploads\/2025\/04\/Stimmler_1_1-225x300.jpg 225w\" sizes=\"(max-width: 640px) 100vw, 640px\" \/><\/figure><div class=\"elementor-image-box-content\"><h3 class=\"elementor-image-box-title\">Richard Stimmler<\/h3><p class=\"elementor-image-box-description\"><h5>2. Vorsitzender<\/h5>\n<p>+49 151 506539703<br>\nrichard.stimmler@icloud.com<\/p><\/p><\/div><\/div>\t\t\t\t<\/div>\n\t\t\t\t<\/div>\n\t\t\t\t<div class=\"elementor-element elementor-element-cc78bf3 elementor-position-top elementor-widget elementor-widget-image-box\" data-id=\"cc78bf3\" data-element_type=\"widget\" data-e-type=\"widget\" data-widget_type=\"image-box.default\">\n\t\t\t\t<div class=\"elementor-widget-container\">\n\t\t\t\t\t<div class=\"elementor-image-box-wrapper\"><figure class=\"elementor-image-box-img\"><img decoding=\"async\" width=\"320\" height=\"400\" src=\"https:\/\/jaeger.expert\/tma\/wp-content\/uploads\/2025\/04\/TStuempfle_1_1.jpg\" class=\"attachment-full size-full wp-image-854\" alt=\"\" srcset=\"https:\/\/jaeger.expert\/tma\/wp-content\/uploads\/2025\/04\/TStuempfle_1_1.jpg 320w, https:\/\/jaeger.expert\/tma\/wp-content\/uploads\/2025\/04\/TStuempfle_1_1-240x300.jpg 240w\" sizes=\"(max-width: 320px) 100vw, 320px\" \/><\/figure><div class=\"elementor-image-box-content\"><h3 class=\"elementor-image-box-title\">Timo St\u00fcmpfle<\/h3><p class=\"elementor-image-box-description\"><h5>Schatzmeister und Administration<\/h5>\n<p>+49 160 96087732<br>\ntimo.stuempfle@web.de<\/p><\/p><\/div><\/div>\t\t\t\t<\/div>\n\t\t\t\t<\/div>\n\t\t\t\t<div class=\"elementor-element elementor-element-12569ed elementor-position-top elementor-widget elementor-widget-image-box\" data-id=\"12569ed\" data-element_type=\"widget\" data-e-type=\"widget\" data-widget_type=\"image-box.default\">\n\t\t\t\t<div class=\"elementor-widget-container\">\n\t\t\t\t\t<div class=\"elementor-image-box-wrapper\"><figure class=\"elementor-image-box-img\"><img loading=\"lazy\" decoding=\"async\" width=\"385\" height=\"482\" src=\"https:\/\/jaeger.expert\/tma\/wp-content\/uploads\/2025\/04\/Tamerl_1_1.jpg\" class=\"attachment-full size-full wp-image-1062\" alt=\"\" srcset=\"https:\/\/jaeger.expert\/tma\/wp-content\/uploads\/2025\/04\/Tamerl_1_1.jpg 385w, https:\/\/jaeger.expert\/tma\/wp-content\/uploads\/2025\/04\/Tamerl_1_1-240x300.jpg 240w\" sizes=\"(max-width: 385px) 100vw, 385px\" \/><\/figure><div class=\"elementor-image-box-content\"><h3 class=\"elementor-image-box-title\">Helmut Tamerl<\/h3><p class=\"elementor-image-box-description\"><h5>Schriftf\u00fchrer, \u00d6ffentlichkeitsarbeit, Presse<\/h5>\n<p>+43 664 3987440<br>\nhelmut.tamerl@gmail.com<\/p><\/p><\/div><\/div>\t\t\t\t<\/div>\n\t\t\t\t<\/div>\n\t\t\t\t<div class=\"elementor-element elementor-element-6435843 elementor-position-top elementor-widget elementor-widget-image-box\" data-id=\"6435843\" data-element_type=\"widget\" data-e-type=\"widget\" data-widget_type=\"image-box.default\">\n\t\t\t\t<div class=\"elementor-widget-container\">\n\t\t\t\t\t<div class=\"elementor-image-box-wrapper\"><figure class=\"elementor-image-box-img\"><img loading=\"lazy\" decoding=\"async\" width=\"415\" height=\"531\" src=\"https:\/\/jaeger.expert\/tma\/wp-content\/uploads\/2025\/04\/Schreiner_1_1.jpg\" class=\"attachment-full size-full wp-image-1066\" alt=\"\" srcset=\"https:\/\/jaeger.expert\/tma\/wp-content\/uploads\/2025\/04\/Schreiner_1_1.jpg 415w, https:\/\/jaeger.expert\/tma\/wp-content\/uploads\/2025\/04\/Schreiner_1_1-234x300.jpg 234w\" sizes=\"(max-width: 415px) 100vw, 415px\" \/><\/figure><div class=\"elementor-image-box-content\"><h3 class=\"elementor-image-box-title\">Michael Schreiner<\/h3><p class=\"elementor-image-box-description\"><h5>Sportwart<\/h5>\n<p>+49 0170 4536852<br>\nschreiner777@gmx.de<\/p><\/p><\/div><\/div>\t\t\t\t<\/div>\n\t\t\t\t<\/div>\n\t\t\t\t<div class=\"elementor-element elementor-element-5be4520 elementor-position-top elementor-widget elementor-widget-image-box\" data-id=\"5be4520\" data-element_type=\"widget\" data-e-type=\"widget\" data-widget_type=\"image-box.default\">\n\t\t\t\t<div class=\"elementor-widget-container\">\n\t\t\t\t\t<div class=\"elementor-image-box-wrapper\"><figure class=\"elementor-image-box-img\"><img loading=\"lazy\" decoding=\"async\" width=\"1719\" height=\"1920\" src=\"https:\/\/jaeger.expert\/tma\/wp-content\/uploads\/2025\/04\/tennis-2323555_1920.jpg\" class=\"attachment-full size-full wp-image-1067\" alt=\"\" srcset=\"https:\/\/jaeger.expert\/tma\/wp-content\/uploads\/2025\/04\/tennis-2323555_1920.jpg 1719w, https:\/\/jaeger.expert\/tma\/wp-content\/uploads\/2025\/04\/tennis-2323555_1920-269x300.jpg 269w, https:\/\/jaeger.expert\/tma\/wp-content\/uploads\/2025\/04\/tennis-2323555_1920-917x1024.jpg 917w, https:\/\/jaeger.expert\/tma\/wp-content\/uploads\/2025\/04\/tennis-2323555_1920-768x858.jpg 768w, https:\/\/jaeger.expert\/tma\/wp-content\/uploads\/2025\/04\/tennis-2323555_1920-1375x1536.jpg 1375w\" sizes=\"(max-width: 1719px) 100vw, 1719px\" \/><\/figure><div class=\"elementor-image-box-content\"><h3 class=\"elementor-image-box-title\">Melanie B\u00f6sl<\/h3><p class=\"elementor-image-box-description\"><h5>Jugendwart und stv. Sportwartin<\/h5>\n<p>+49 171 8847766<br>\nmelly.reiter89@gmail.com<\/p><\/p><\/div><\/div>\t\t\t\t<\/div>\n\t\t\t\t<\/div>\n\t\t\t\t<div class=\"elementor-element elementor-element-edda9a1 elementor-position-top elementor-widget elementor-widget-image-box\" data-id=\"edda9a1\" data-element_type=\"widget\" data-e-type=\"widget\" data-widget_type=\"image-box.default\">\n\t\t\t\t<div class=\"elementor-widget-container\">\n\t\t\t\t\t<div class=\"elementor-image-box-wrapper\"><figure class=\"elementor-image-box-img\"><img loading=\"lazy\" decoding=\"async\" width=\"366\" height=\"458\" src=\"https:\/\/jaeger.expert\/tma\/wp-content\/uploads\/2025\/04\/Teichmann_1_1.jpg\" class=\"attachment-full size-full wp-image-1069\" alt=\"\" srcset=\"https:\/\/jaeger.expert\/tma\/wp-content\/uploads\/2025\/04\/Teichmann_1_1.jpg 366w, https:\/\/jaeger.expert\/tma\/wp-content\/uploads\/2025\/04\/Teichmann_1_1-240x300.jpg 240w\" sizes=\"(max-width: 366px) 100vw, 366px\" \/><\/figure><div class=\"elementor-image-box-content\"><h3 class=\"elementor-image-box-title\">Josef Teichmann<\/h3><p class=\"elementor-image-box-description\"><h5>Liegenschaftswart <\/h5>\n<p>+49 151 67859893<br>\n josef.teichmann1@gmx.de<\/p><\/p><\/div><\/div>\t\t\t\t<\/div>\n\t\t\t\t<\/div>\n\t\t\t\t<div class=\"elementor-element elementor-element-39e0be3 elementor-position-top elementor-widget elementor-widget-image-box\" data-id=\"39e0be3\" data-element_type=\"widget\" data-e-type=\"widget\" data-widget_type=\"image-box.default\">\n\t\t\t\t<div class=\"elementor-widget-container\">\n\t\t\t\t\t<div class=\"elementor-image-box-wrapper\"><figure class=\"elementor-image-box-img\"><img loading=\"lazy\" decoding=\"async\" width=\"925\" height=\"1158\" src=\"https:\/\/jaeger.expert\/tma\/wp-content\/uploads\/2025\/04\/Moosleitner_1_1.jpg\" class=\"attachment-full size-full wp-image-1070\" alt=\"\" srcset=\"https:\/\/jaeger.expert\/tma\/wp-content\/uploads\/2025\/04\/Moosleitner_1_1.jpg 925w, https:\/\/jaeger.expert\/tma\/wp-content\/uploads\/2025\/04\/Moosleitner_1_1-240x300.jpg 240w, https:\/\/jaeger.expert\/tma\/wp-content\/uploads\/2025\/04\/Moosleitner_1_1-818x1024.jpg 818w, https:\/\/jaeger.expert\/tma\/wp-content\/uploads\/2025\/04\/Moosleitner_1_1-768x961.jpg 768w\" sizes=\"(max-width: 925px) 100vw, 925px\" \/><\/figure><div class=\"elementor-image-box-content\"><h3 class=\"elementor-image-box-title\">Anton Moosleitner<\/h3><p class=\"elementor-image-box-description\"><h5>2. Liegenschaftswart<\/h5>\n<p>+49 157 53622720<br>\ntele_moses@web.de<\/p><\/p><\/div><\/div>\t\t\t\t<\/div>\n\t\t\t\t<\/div>\n\t\t\t\t<\/div>\n\t\t\t\t<div class=\"elementor-element elementor-element-8d7875f elementor-widget elementor-widget-heading\" data-id=\"8d7875f\" data-element_type=\"widget\" data-e-type=\"widget\" data-widget_type=\"heading.default\">\n\t\t\t\t<div class=\"elementor-widget-container\">\n\t\t\t\t\t<h2 class=\"elementor-heading-title elementor-size-default\">Weitere Funktion\u00e4re<\/h2>\t\t\t\t<\/div>\n\t\t\t\t<\/div>\n\t\t<div class=\"elementor-element elementor-element-757cec7 e-grid e-con-full wpr-particle-no wpr-jarallax-no wpr-parallax-no wpr-sticky-section-no wpr-equal-height-no e-con e-child\" data-id=\"757cec7\" data-element_type=\"container\" data-e-type=\"container\">\n\t\t\t\t<div class=\"elementor-element elementor-element-ea56c4b elementor-position-top elementor-widget elementor-widget-image-box\" data-id=\"ea56c4b\" data-element_type=\"widget\" data-e-type=\"widget\" data-widget_type=\"image-box.default\">\n\t\t\t\t<div class=\"elementor-widget-container\">\n\t\t\t\t\t<div class=\"elementor-image-box-wrapper\"><figure class=\"elementor-image-box-img\"><img loading=\"lazy\" decoding=\"async\" width=\"140\" height=\"180\" src=\"https:\/\/jaeger.expert\/tma\/wp-content\/uploads\/2025\/04\/BStuempfle_1_1.jpg\" class=\"attachment-full size-full wp-image-1074\" alt=\"\" \/><\/figure><div class=\"elementor-image-box-content\"><h3 class=\"elementor-image-box-title\">Bernhard St\u00fcmpfle<\/h3><p class=\"elementor-image-box-description\"><h5>Kassenpr\u00fcfer<\/h5><\/p><\/div><\/div>\t\t\t\t<\/div>\n\t\t\t\t<\/div>\n\t\t\t\t<div class=\"elementor-element elementor-element-03789b3 elementor-position-top elementor-widget elementor-widget-image-box\" data-id=\"03789b3\" data-element_type=\"widget\" data-e-type=\"widget\" data-widget_type=\"image-box.default\">\n\t\t\t\t<div class=\"elementor-widget-container\">\n\t\t\t\t\t<div class=\"elementor-image-box-wrapper\"><figure class=\"elementor-image-box-img\"><img loading=\"lazy\" decoding=\"async\" width=\"1719\" height=\"1920\" src=\"https:\/\/jaeger.expert\/tma\/wp-content\/uploads\/2025\/04\/tennis-2323555_1920.jpg\" class=\"attachment-full size-full wp-image-1067\" alt=\"\" srcset=\"https:\/\/jaeger.expert\/tma\/wp-content\/uploads\/2025\/04\/tennis-2323555_1920.jpg 1719w, https:\/\/jaeger.expert\/tma\/wp-content\/uploads\/2025\/04\/tennis-2323555_1920-269x300.jpg 269w, https:\/\/jaeger.expert\/tma\/wp-content\/uploads\/2025\/04\/tennis-2323555_1920-917x1024.jpg 917w, https:\/\/jaeger.expert\/tma\/wp-content\/uploads\/2025\/04\/tennis-2323555_1920-768x858.jpg 768w, https:\/\/jaeger.expert\/tma\/wp-content\/uploads\/2025\/04\/tennis-2323555_1920-1375x1536.jpg 1375w\" sizes=\"(max-width: 1719px) 100vw, 1719px\" \/><\/figure><div class=\"elementor-image-box-content\"><h3 class=\"elementor-image-box-title\">G\u00fcnther Sulzberger<\/h3><p class=\"elementor-image-box-description\"><h5>Kassenpr\u00fcfer<\/h5><\/p><\/div><\/div>\t\t\t\t<\/div>\n\t\t\t\t<\/div>\n\t\t\t\t<div class=\"elementor-element elementor-element-2a1b358 elementor-position-top elementor-widget elementor-widget-image-box\" data-id=\"2a1b358\" data-element_type=\"widget\" data-e-type=\"widget\" data-widget_type=\"image-box.default\">\n\t\t\t\t<div class=\"elementor-widget-container\">\n\t\t\t\t\t<div class=\"elementor-image-box-wrapper\"><figure class=\"elementor-image-box-img\"><img loading=\"lazy\" decoding=\"async\" width=\"1920\" height=\"2560\" src=\"https:\/\/jaeger.expert\/tma\/wp-content\/uploads\/2025\/04\/IMG_1597-scaled.jpg\" class=\"attachment-full size-full wp-image-1076\" alt=\"\" srcset=\"https:\/\/jaeger.expert\/tma\/wp-content\/uploads\/2025\/04\/IMG_1597-scaled.jpg 1920w, https:\/\/jaeger.expert\/tma\/wp-content\/uploads\/2025\/04\/IMG_1597-225x300.jpg 225w, https:\/\/jaeger.expert\/tma\/wp-content\/uploads\/2025\/04\/IMG_1597-768x1024.jpg 768w, https:\/\/jaeger.expert\/tma\/wp-content\/uploads\/2025\/04\/IMG_1597-1152x1536.jpg 1152w, https:\/\/jaeger.expert\/tma\/wp-content\/uploads\/2025\/04\/IMG_1597-1536x2048.jpg 1536w\" sizes=\"(max-width: 1920px) 100vw, 1920px\" \/><\/figure><div class=\"elementor-image-box-content\"><h3 class=\"elementor-image-box-title\">Dominik J\u00e4ger<\/h3><p class=\"elementor-image-box-description\"><h5>Social Media, Hopmepage, Werbung<\/h5>\n<p>+49 1520 3526138<br>\ndominikjaeger@outlook.com<\/p><\/p><\/div><\/div>\t\t\t\t<\/div>\n\t\t\t\t<\/div>\n\t\t\t\t<\/div>\n\t\t\t\t\t<\/div>\n\t\t\t\t<\/div>\n\t\t\t\t<\/div>\n\t\t","protected":false},"excerpt":{"rendered":"<p>Vorstand Erwin Leutgeb 1. Vorsitzender +49 171 6257235 Leutgeb@kabelmail.com Richard Stimmler 2. Vorsitzender +49 151 506539703 richard.stimmler@icloud.com Timo St\u00fcmpfle Schatzmeister und Administration +49 160 96087732 timo.stuempfle@web.de Helmut Tamerl Schriftf\u00fchrer, \u00d6ffentlichkeitsarbeit, Presse +43 664 3987440 helmut.tamerl@gmail.com Michael Schreiner Sportwart +49 0170 4536852 schreiner777@gmx.de Melanie B\u00f6sl Jugendwart und stv. Sportwartin +49 171 8847766 melly.reiter89@gmail.com Josef Teichmann Liegenschaftswart +49 151 67859893 josef.teichmann1@gmx.de Anton Moosleitner 2. Liegenschaftswart +49 157 53622720 tele_moses@web.de Weitere Funktion\u00e4re Bernhard St\u00fcmpfle Kassenpr\u00fcfer G\u00fcnther Sulzberger Kassenpr\u00fcfer Dominik J\u00e4ger Social Media, Hopmepage, Werbung +49 1520 3526138 dominikjaeger@outlook.com<\/p>\n","protected":false},"author":1,"featured_media":0,"parent":0,"menu_order":0,"comment_status":"closed","ping_status":"closed","template":"elementor_header_footer","meta":{"footnotes":""},"class_list":["post-757","page","type-page","status-publish","hentry"],"_links":{"self":[{"href":"https:\/\/jaeger.expert\/tma\/wp-json\/wp\/v2\/pages\/757","targetHints":{"allow":["GET"]}}],"collection":[{"href":"https:\/\/jaeger.expert\/tma\/wp-json\/wp\/v2\/pages"}],"about":[{"href":"https:\/\/jaeger.expert\/tma\/wp-json\/wp\/v2\/types\/page"}],"author":[{"embeddable":true,"href":"https:\/\/jaeger.expert\/tma\/wp-json\/wp\/v2\/users\/1"}],"replies":[{"embeddable":true,"href":"https:\/\/jaeger.expert\/tma\/wp-json\/wp\/v2\/comments?post=757"}],"version-history":[{"count":45,"href":"https:\/\/jaeger.expert\/tma\/wp-json\/wp\/v2\/pages\/757\/revisions"}],"predecessor-version":[{"id":1278,"href":"https:\/\/jaeger.expert\/tma\/wp-json\/wp\/v2\/pages\/757\/revisions\/1278"}],"wp:attachment":[{"href":"https:\/\/jaeger.expert\/tma\/wp-json\/wp\/v2\/media?parent=757"}],"curies":[{"name":"wp","href":"https:\/\/api.w.org\/{rel}","templated":true}]}}