{"id":750,"date":"2023-09-21T17:40:52","date_gmt":"2023-09-21T15:40:52","guid":{"rendered":"https:\/\/jaeger.expert\/tma\/?page_id=750"},"modified":"2025-04-25T08:52:18","modified_gmt":"2025-04-25T06:52:18","slug":"sportbetrieb","status":"publish","type":"page","link":"https:\/\/jaeger.expert\/tma\/sportbetrieb\/","title":{"rendered":"Sportbetrieb"},"content":{"rendered":"\t\t<div data-elementor-type=\"wp-page\" data-elementor-id=\"750\" class=\"elementor elementor-750\" data-elementor-post-type=\"page\">\n\t\t\t\t<div class=\"elementor-element elementor-element-f12e416 e-flex e-con-boxed wpr-particle-no wpr-jarallax-no wpr-parallax-no wpr-sticky-section-no wpr-equal-height-no e-con e-parent\" data-id=\"f12e416\" data-element_type=\"container\" data-e-type=\"container\">\n\t\t\t\t\t<div class=\"e-con-inner\">\n\t\t\t\t<div class=\"elementor-element elementor-element-21e2be2 elementor-widget elementor-widget-heading\" data-id=\"21e2be2\" data-element_type=\"widget\" data-e-type=\"widget\" data-widget_type=\"heading.default\">\n\t\t\t\t<div class=\"elementor-widget-container\">\n\t\t\t\t\t<h2 class=\"elementor-heading-title elementor-size-default\">Sportbetrieb<\/h2>\t\t\t\t<\/div>\n\t\t\t\t<\/div>\n\t\t\t\t<div class=\"elementor-element elementor-element-138c6f5 elementor-widget elementor-widget-text-editor\" data-id=\"138c6f5\" data-element_type=\"widget\" data-e-type=\"widget\" data-widget_type=\"text-editor.default\">\n\t\t\t\t<div class=\"elementor-widget-container\">\n\t\t\t\t\t\t\t\t\t<p>Ob Sie Tennis als Freizeitsport betreiben oder in einer Mannschaft mitspielen m\u00f6chten, der TMA Freilassing hat f\u00fcr alle ein passendes Angebot. Derzeit sind vier Mannschaften im Erwachsenenbereich f\u00fcr die Verbandsspiele gemeldet.<\/p><p>Auch wer sich nicht wettkampfm\u00e4\u00dfig mit anderen Spielern messen will, findet bei uns ausreichend M\u00f6glichkeiten, diesem sch\u00f6nen Sport nachzugehen. F\u00fcr Tennisanf\u00e4nger:innen bieten\u00a0\u00a0Schnupperkurse eine hervorragende Gelegenheit, den Tennissport auszuprobieren, ohne gleich Mitglied zu werden. Wenn Du Interesse hast, k\u00fcnftig am Mannschaftssport teilzunehmen oder als Freizeitspieler:in\/Anf\u00e4nger:in Tennispartner:innen suchst, nimm Kontakt mit uns auf!<\/p><p>Hierzu verwende einfach unser\u00a0<a class=\"cm_anchor\" href=\"https:\/\/www.tma-freilassing.de\/Kontakt-Anfahrt\/\">Kontaktformular<\/a>\u00a0oder schau direkt auf der Tennisanlage vorbei.<\/p><p>Neueinsteiger aber auch Mannschaftsspieler treffen sich in der Spielsaison immer donnerstags von 18 bis 20 Uhr zum \u201eDoppeln\u201c und anschlie\u00dfend zur gem\u00fctlichen Runde auf unserer Sonnenterrasse. So lernt man sich kennen und findet seine Spielpartner.<\/p><p>Downloads<\/p><p><a class=\"cm_anchor\" href=\"https:\/\/www.tma-freilassing.de\/Sportbetrieb\/Mannschaften\/\">Mannschaften des TMA Freilassing<\/a><\/p><p><a class=\"cm_anchor\" href=\"https:\/\/www.tma-freilassing.de\/Sportbetrieb\/Training\/\">Training<\/a><\/p>\t\t\t\t\t\t\t\t<\/div>\n\t\t\t\t<\/div>\n\t\t\t\t\t<\/div>\n\t\t\t\t<\/div>\n\t\t\t\t<\/div>\n\t\t","protected":false},"excerpt":{"rendered":"<p>Sportbetrieb Ob Sie Tennis als Freizeitsport betreiben oder in einer Mannschaft mitspielen m\u00f6chten, der TMA Freilassing hat f\u00fcr alle ein passendes Angebot. Derzeit sind vier Mannschaften im Erwachsenenbereich f\u00fcr die Verbandsspiele gemeldet. Auch wer sich nicht wettkampfm\u00e4\u00dfig mit anderen Spielern messen will, findet bei uns ausreichend M\u00f6glichkeiten, diesem sch\u00f6nen Sport nachzugehen. F\u00fcr Tennisanf\u00e4nger:innen bieten\u00a0\u00a0Schnupperkurse eine hervorragende Gelegenheit, den Tennissport auszuprobieren, ohne gleich Mitglied zu werden. Wenn Du Interesse hast, k\u00fcnftig am Mannschaftssport teilzunehmen oder als Freizeitspieler:in\/Anf\u00e4nger:in Tennispartner:innen suchst, nimm Kontakt mit uns auf! Hierzu verwende einfach unser\u00a0Kontaktformular\u00a0oder schau direkt auf der Tennisanlage vorbei. Neueinsteiger aber auch Mannschaftsspieler treffen sich in der Spielsaison immer donnerstags von 18 bis 20 Uhr zum \u201eDoppeln\u201c und anschlie\u00dfend zur gem\u00fctlichen Runde auf unserer Sonnenterrasse. So lernt man sich kennen und findet seine Spielpartner. Downloads Mannschaften des TMA Freilassing Training<\/p>\n","protected":false},"author":1,"featured_media":0,"parent":0,"menu_order":0,"comment_status":"closed","ping_status":"closed","template":"elementor_header_footer","meta":{"footnotes":""},"class_list":["post-750","page","type-page","status-publish","hentry"],"_links":{"self":[{"href":"https:\/\/jaeger.expert\/tma\/wp-json\/wp\/v2\/pages\/750","targetHints":{"allow":["GET"]}}],"collection":[{"href":"https:\/\/jaeger.expert\/tma\/wp-json\/wp\/v2\/pages"}],"about":[{"href":"https:\/\/jaeger.expert\/tma\/wp-json\/wp\/v2\/types\/page"}],"author":[{"embeddable":true,"href":"https:\/\/jaeger.expert\/tma\/wp-json\/wp\/v2\/users\/1"}],"replies":[{"embeddable":true,"href":"https:\/\/jaeger.expert\/tma\/wp-json\/wp\/v2\/comments?post=750"}],"version-history":[{"count":13,"href":"https:\/\/jaeger.expert\/tma\/wp-json\/wp\/v2\/pages\/750\/revisions"}],"predecessor-version":[{"id":1263,"href":"https:\/\/jaeger.expert\/tma\/wp-json\/wp\/v2\/pages\/750\/revisions\/1263"}],"wp:attachment":[{"href":"https:\/\/jaeger.expert\/tma\/wp-json\/wp\/v2\/media?parent=750"}],"curies":[{"name":"wp","href":"https:\/\/api.w.org\/{rel}","templated":true}]}}