{"id":748,"date":"2023-09-21T17:40:52","date_gmt":"2023-09-21T15:40:52","guid":{"rendered":"https:\/\/jaeger.expert\/tma\/?page_id=748"},"modified":"2025-04-25T08:53:29","modified_gmt":"2025-04-25T06:53:29","slug":"vereinsheim-and-plaetze","status":"publish","type":"page","link":"https:\/\/jaeger.expert\/tma\/vereinsheim-and-plaetze\/","title":{"rendered":"Vereinsheim"},"content":{"rendered":"\t\t<div data-elementor-type=\"wp-page\" data-elementor-id=\"748\" class=\"elementor elementor-748\" data-elementor-post-type=\"page\">\n\t\t\t\t<div class=\"elementor-element elementor-element-88e6e83 e-flex e-con-boxed wpr-particle-no wpr-jarallax-no wpr-parallax-no wpr-sticky-section-no wpr-equal-height-no e-con e-parent\" data-id=\"88e6e83\" data-element_type=\"container\" data-e-type=\"container\">\n\t\t\t\t\t<div class=\"e-con-inner\">\n\t\t\t\t<div class=\"elementor-element elementor-element-7351b07 elementor-widget elementor-widget-heading\" data-id=\"7351b07\" data-element_type=\"widget\" data-e-type=\"widget\" data-widget_type=\"heading.default\">\n\t\t\t\t<div class=\"elementor-widget-container\">\n\t\t\t\t\t<h2 class=\"elementor-heading-title elementor-size-default\">Vereinsheim und Gastronomie<\/h2>\t\t\t\t<\/div>\n\t\t\t\t<\/div>\n\t\t\t\t<div class=\"elementor-element elementor-element-be2e268 elementor-widget elementor-widget-text-editor\" data-id=\"be2e268\" data-element_type=\"widget\" data-e-type=\"widget\" data-widget_type=\"text-editor.default\">\n\t\t\t\t<div class=\"elementor-widget-container\">\n\t\t\t\t\t\t\t\t\t<p>2017, im Zuge der Modernisierung des Vereinsheimes, wurde auch die Vereinsgastst\u00e4tte neu gestaltet. Ab der Spielzeit 2023 wird das Vereinsheim nicht mehr als \u00f6ffentliche Gastst\u00e4tte betrieben. Der Betrieb des Vereinsheims wird nun von engagierten Mitgliedern gef\u00fchrt. Auf der gro\u00dfen Terrasse unserer\u00a0Vereinsgastst\u00e4tte\u00a0sitzt man quasi mitten im Gr\u00fcnen mit Blick von oben auf die Tennispl\u00e4tze. G\u00e4ste und Tennisbegeisterte sind nach wie vor bei uns willkommen und k\u00f6nnen das Geschehen auf den Tennispl\u00e4tzen genussvoll verfolgen.<\/p><p>\u00a0<\/p><p>Hier k\u00f6nnen sie als Gastspieler einen Tennisplatz buchen, sich \u00fcber den Tennisverein informieren oder dem Verein beitreten und direkt ihre Mitgliedschaft abschlie\u00dfen.<\/p><p>\u00a0<\/p><div class=\"clearFloating\">\u00a0<\/div><div id=\"widgetcontainer_STRATP_cm4all_com_widgets_UroPhoto_27293959\" class=\"cm_widget cm4all_com_widgets_UroPhoto cm_widget_float_left cm-pixel-large cm-pixel-xlarge\"><div class=\"cm_widget_anchor\"><a id=\"widgetanchor_STRATP_cm4all_com_widgets_UroPhoto_27293959\" name=\"STRATP_cm4all_com_widgets_UroPhoto_27293959\"><\/a><\/div><div id=\"uroPhotoOuterSTRATP_cm4all_com_widgets_UroPhoto_27293959\" data-uro-type=\"image\"><picture><source srcset=\"\/.cm4all\/uproc.php\/0\/.IMG_4420_klein.jpg\/picture-1600?_=1716455d558 1x, \/.cm4all\/uproc.php\/0\/.IMG_4420_klein.jpg\/picture-2600?_=1716455d558 2x\" media=\"(min-width:800px)\" \/><source srcset=\"\/.cm4all\/uproc.php\/0\/.IMG_4420_klein.jpg\/picture-1200?_=1716455d558 1x, \/.cm4all\/uproc.php\/0\/.IMG_4420_klein.jpg\/picture-1600?_=1716455d558 2x\" media=\"(min-width:600px)\" \/><source srcset=\"\/.cm4all\/uproc.php\/0\/.IMG_4420_klein.jpg\/picture-800?_=1716455d558 1x, \/.cm4all\/uproc.php\/0\/.IMG_4420_klein.jpg\/picture-1200?_=1716455d558 2x\" media=\"(min-width:400px)\" \/><source srcset=\"\/.cm4all\/uproc.php\/0\/.IMG_4420_klein.jpg\/picture-400?_=1716455d558 1x, \/.cm4all\/uproc.php\/0\/.IMG_4420_klein.jpg\/picture-800?_=1716455d558 2x\" media=\"(min-width:200px)\" \/><source srcset=\"\/.cm4all\/uproc.php\/0\/.IMG_4420_klein.jpg\/picture-200?_=1716455d558 1x, \/.cm4all\/uproc.php\/0\/.IMG_4420_klein.jpg\/picture-400?_=1716455d558 2x\" media=\"(min-width:100px)\" \/><img decoding=\"async\" title=\"\" src=\"https:\/\/www.tma-freilassing.de\/.cm4all\/uproc.php\/0\/.IMG_4420_klein.jpg\/picture-200?_=1716455d558\" alt=\"\" data-uro-original=\"\/.cm4all\/uproc.php\/0\/IMG_4420_klein.jpg?_=1716455d558\" data-uro-width=\"1514\" data-uro-height=\"1002\" \/><\/picture><\/div><\/div>\t\t\t\t\t\t\t\t<\/div>\n\t\t\t\t<\/div>\n\t\t\t\t<div class=\"elementor-element elementor-element-a67d54c elementor-widget elementor-widget-gallery\" data-id=\"a67d54c\" data-element_type=\"widget\" data-e-type=\"widget\" data-settings=\"{&quot;gallery_layout&quot;:&quot;masonry&quot;,&quot;columns&quot;:2,&quot;lazyload&quot;:&quot;yes&quot;,&quot;columns_tablet&quot;:2,&quot;columns_mobile&quot;:1,&quot;gap&quot;:{&quot;unit&quot;:&quot;px&quot;,&quot;size&quot;:10,&quot;sizes&quot;:[]},&quot;gap_tablet&quot;:{&quot;unit&quot;:&quot;px&quot;,&quot;size&quot;:10,&quot;sizes&quot;:[]},&quot;gap_mobile&quot;:{&quot;unit&quot;:&quot;px&quot;,&quot;size&quot;:10,&quot;sizes&quot;:[]},&quot;link_to&quot;:&quot;file&quot;,&quot;overlay_background&quot;:&quot;yes&quot;,&quot;content_hover_animation&quot;:&quot;fade-in&quot;}\" data-widget_type=\"gallery.default\">\n\t\t\t\t<div class=\"elementor-widget-container\">\n\t\t\t\t\t\t\t<div class=\"elementor-gallery__container\">\n\t\t\t\t\t\t\t<a class=\"e-gallery-item elementor-gallery-item elementor-animated-content\" href=\"https:\/\/jaeger.expert\/tma\/wp-content\/uploads\/2025\/04\/IMG_4420_klein.jpg\" data-elementor-open-lightbox=\"yes\" data-elementor-lightbox-slideshow=\"a67d54c\" data-elementor-lightbox-title=\"IMG_4420_klein\" data-e-action-hash=\"#elementor-action%3Aaction%3Dlightbox%26settings%3DeyJpZCI6MTA4NSwidXJsIjoiaHR0cHM6XC9cL2phZWdlci5leHBlcnRcL3RtYVwvd3AtY29udGVudFwvdXBsb2Fkc1wvMjAyNVwvMDRcL0lNR180NDIwX2tsZWluLmpwZyIsInNsaWRlc2hvdyI6ImE2N2Q1NGMifQ%3D%3D\">\n\t\t\t\t\t<div class=\"e-gallery-image elementor-gallery-item__image\" data-thumbnail=\"https:\/\/jaeger.expert\/tma\/wp-content\/uploads\/2025\/04\/IMG_4420_klein.jpg\" data-width=\"1514\" data-height=\"1002\" aria-label=\"\" role=\"img\" ><\/div>\n\t\t\t\t\t\t\t\t\t\t\t<div class=\"elementor-gallery-item__overlay\"><\/div>\n\t\t\t\t\t\t\t\t\t\t\t\t\t\t<\/a>\n\t\t\t\t\t<\/div>\n\t\t\t\t\t<\/div>\n\t\t\t\t<\/div>\n\t\t\t\t<div class=\"elementor-element elementor-element-c557790 elementor-widget elementor-widget-heading\" data-id=\"c557790\" data-element_type=\"widget\" data-e-type=\"widget\" data-widget_type=\"heading.default\">\n\t\t\t\t<div class=\"elementor-widget-container\">\n\t\t\t\t\t<h2 class=\"elementor-heading-title elementor-size-default\">Unsere Tennispl\u00e4tze<\/h2>\t\t\t\t<\/div>\n\t\t\t\t<\/div>\n\t\t\t\t<div class=\"elementor-element elementor-element-bb4c12d elementor-widget elementor-widget-text-editor\" data-id=\"bb4c12d\" data-element_type=\"widget\" data-e-type=\"widget\" data-widget_type=\"text-editor.default\">\n\t\t\t\t<div class=\"elementor-widget-container\">\n\t\t\t\t\t\t\t\t\t<p>4 Sandpl\u00e4tze<\/p><div id=\"widgetcontainer_STRATP_cm4all_com_widgets_UroPhoto_27293959\" class=\"cm_widget cm4all_com_widgets_UroPhoto cm_widget_float_left cm-pixel-large cm-pixel-xlarge\">\u00a0<\/div>\t\t\t\t\t\t\t\t<\/div>\n\t\t\t\t<\/div>\n\t\t\t\t<div class=\"elementor-element elementor-element-df89f3e elementor-widget elementor-widget-gallery\" data-id=\"df89f3e\" data-element_type=\"widget\" data-e-type=\"widget\" data-settings=\"{&quot;gallery_layout&quot;:&quot;masonry&quot;,&quot;columns&quot;:3,&quot;lazyload&quot;:&quot;yes&quot;,&quot;columns_tablet&quot;:2,&quot;columns_mobile&quot;:1,&quot;gap&quot;:{&quot;unit&quot;:&quot;px&quot;,&quot;size&quot;:10,&quot;sizes&quot;:[]},&quot;gap_tablet&quot;:{&quot;unit&quot;:&quot;px&quot;,&quot;size&quot;:10,&quot;sizes&quot;:[]},&quot;gap_mobile&quot;:{&quot;unit&quot;:&quot;px&quot;,&quot;size&quot;:10,&quot;sizes&quot;:[]},&quot;link_to&quot;:&quot;file&quot;,&quot;overlay_background&quot;:&quot;yes&quot;,&quot;content_hover_animation&quot;:&quot;fade-in&quot;}\" data-widget_type=\"gallery.default\">\n\t\t\t\t<div class=\"elementor-widget-container\">\n\t\t\t\t\t\t\t<div class=\"elementor-gallery__container\">\n\t\t\t\t\t\t\t<a class=\"e-gallery-item elementor-gallery-item elementor-animated-content\" href=\"https:\/\/jaeger.expert\/tma\/wp-content\/uploads\/2025\/02\/C793B637-47FD-49D4-9D6D-456517A0FA8C.jpg\" data-elementor-open-lightbox=\"yes\" data-elementor-lightbox-slideshow=\"df89f3e\" data-elementor-lightbox-title=\"C793B637-47FD-49D4-9D6D-456517A0FA8C\" data-e-action-hash=\"#elementor-action%3Aaction%3Dlightbox%26settings%3DeyJpZCI6NTEzLCJ1cmwiOiJodHRwczpcL1wvamFlZ2VyLmV4cGVydFwvdG1hXC93cC1jb250ZW50XC91cGxvYWRzXC8yMDI1XC8wMlwvQzc5M0I2MzctNDdGRC00OUQ0LTlENkQtNDU2NTE3QTBGQThDLmpwZyIsInNsaWRlc2hvdyI6ImRmODlmM2UifQ%3D%3D\">\n\t\t\t\t\t<div class=\"e-gallery-image elementor-gallery-item__image\" data-thumbnail=\"https:\/\/jaeger.expert\/tma\/wp-content\/uploads\/2025\/02\/C793B637-47FD-49D4-9D6D-456517A0FA8C.jpg\" data-width=\"1440\" data-height=\"1440\" aria-label=\"\" role=\"img\" ><\/div>\n\t\t\t\t\t\t\t\t\t\t\t<div class=\"elementor-gallery-item__overlay\"><\/div>\n\t\t\t\t\t\t\t\t\t\t\t\t\t\t<\/a>\n\t\t\t\t\t\t\t<a class=\"e-gallery-item elementor-gallery-item elementor-animated-content\" href=\"https:\/\/jaeger.expert\/tma\/wp-content\/uploads\/2025\/02\/01B7AB8D-291C-4FB5-BDAE-A302FF3995A9.jpg\" data-elementor-open-lightbox=\"yes\" data-elementor-lightbox-slideshow=\"df89f3e\" data-elementor-lightbox-title=\"01B7AB8D-291C-4FB5-BDAE-A302FF3995A9\" data-e-action-hash=\"#elementor-action%3Aaction%3Dlightbox%26settings%3DeyJpZCI6NTE0LCJ1cmwiOiJodHRwczpcL1wvamFlZ2VyLmV4cGVydFwvdG1hXC93cC1jb250ZW50XC91cGxvYWRzXC8yMDI1XC8wMlwvMDFCN0FCOEQtMjkxQy00RkI1LUJEQUUtQTMwMkZGMzk5NUE5LmpwZyIsInNsaWRlc2hvdyI6ImRmODlmM2UifQ%3D%3D\">\n\t\t\t\t\t<div class=\"e-gallery-image elementor-gallery-item__image\" data-thumbnail=\"https:\/\/jaeger.expert\/tma\/wp-content\/uploads\/2025\/02\/01B7AB8D-291C-4FB5-BDAE-A302FF3995A9.jpg\" data-width=\"1440\" data-height=\"1440\" aria-label=\"\" role=\"img\" ><\/div>\n\t\t\t\t\t\t\t\t\t\t\t<div class=\"elementor-gallery-item__overlay\"><\/div>\n\t\t\t\t\t\t\t\t\t\t\t\t\t\t<\/a>\n\t\t\t\t\t\t\t<a class=\"e-gallery-item elementor-gallery-item elementor-animated-content\" href=\"https:\/\/jaeger.expert\/tma\/wp-content\/uploads\/2025\/02\/IMG_2178-scaled.jpg\" data-elementor-open-lightbox=\"yes\" data-elementor-lightbox-slideshow=\"df89f3e\" data-elementor-lightbox-title=\"IMG_2178\" data-e-action-hash=\"#elementor-action%3Aaction%3Dlightbox%26settings%3DeyJpZCI6NTE2LCJ1cmwiOiJodHRwczpcL1wvamFlZ2VyLmV4cGVydFwvdG1hXC93cC1jb250ZW50XC91cGxvYWRzXC8yMDI1XC8wMlwvSU1HXzIxNzgtc2NhbGVkLmpwZyIsInNsaWRlc2hvdyI6ImRmODlmM2UifQ%3D%3D\">\n\t\t\t\t\t<div class=\"e-gallery-image elementor-gallery-item__image\" data-thumbnail=\"https:\/\/jaeger.expert\/tma\/wp-content\/uploads\/2025\/02\/IMG_2178-scaled.jpg\" data-width=\"2560\" data-height=\"1920\" aria-label=\"\" role=\"img\" ><\/div>\n\t\t\t\t\t\t\t\t\t\t\t<div class=\"elementor-gallery-item__overlay\"><\/div>\n\t\t\t\t\t\t\t\t\t\t\t\t\t\t<\/a>\n\t\t\t\t\t\t\t<a class=\"e-gallery-item elementor-gallery-item elementor-animated-content\" href=\"https:\/\/jaeger.expert\/tma\/wp-content\/uploads\/2025\/02\/fd72ccf4-256d-437b-99e3-da51487e2a04.jpg\" data-elementor-open-lightbox=\"yes\" data-elementor-lightbox-slideshow=\"df89f3e\" data-elementor-lightbox-title=\"fd72ccf4-256d-437b-99e3-da51487e2a04\" data-e-action-hash=\"#elementor-action%3Aaction%3Dlightbox%26settings%3DeyJpZCI6NjY0LCJ1cmwiOiJodHRwczpcL1wvamFlZ2VyLmV4cGVydFwvdG1hXC93cC1jb250ZW50XC91cGxvYWRzXC8yMDI1XC8wMlwvZmQ3MmNjZjQtMjU2ZC00MzdiLTk5ZTMtZGE1MTQ4N2UyYTA0LmpwZyIsInNsaWRlc2hvdyI6ImRmODlmM2UifQ%3D%3D\">\n\t\t\t\t\t<div class=\"e-gallery-image elementor-gallery-item__image\" data-thumbnail=\"https:\/\/jaeger.expert\/tma\/wp-content\/uploads\/2025\/02\/fd72ccf4-256d-437b-99e3-da51487e2a04.jpg\" data-width=\"2048\" data-height=\"1536\" aria-label=\"\" role=\"img\" ><\/div>\n\t\t\t\t\t\t\t\t\t\t\t<div class=\"elementor-gallery-item__overlay\"><\/div>\n\t\t\t\t\t\t\t\t\t\t\t\t\t\t<\/a>\n\t\t\t\t\t\t\t<a class=\"e-gallery-item elementor-gallery-item elementor-animated-content\" href=\"https:\/\/jaeger.expert\/tma\/wp-content\/uploads\/2025\/02\/98239497-25da-4b78-a3d8-c1b2f1228c73.jpg\" data-elementor-open-lightbox=\"yes\" data-elementor-lightbox-slideshow=\"df89f3e\" data-elementor-lightbox-title=\"98239497-25da-4b78-a3d8-c1b2f1228c73\" data-e-action-hash=\"#elementor-action%3Aaction%3Dlightbox%26settings%3DeyJpZCI6NjYzLCJ1cmwiOiJodHRwczpcL1wvamFlZ2VyLmV4cGVydFwvdG1hXC93cC1jb250ZW50XC91cGxvYWRzXC8yMDI1XC8wMlwvOTgyMzk0OTctMjVkYS00Yjc4LWEzZDgtYzFiMmYxMjI4YzczLmpwZyIsInNsaWRlc2hvdyI6ImRmODlmM2UifQ%3D%3D\">\n\t\t\t\t\t<div class=\"e-gallery-image elementor-gallery-item__image\" data-thumbnail=\"https:\/\/jaeger.expert\/tma\/wp-content\/uploads\/2025\/02\/98239497-25da-4b78-a3d8-c1b2f1228c73.jpg\" data-width=\"2048\" data-height=\"1536\" aria-label=\"\" role=\"img\" ><\/div>\n\t\t\t\t\t\t\t\t\t\t\t<div class=\"elementor-gallery-item__overlay\"><\/div>\n\t\t\t\t\t\t\t\t\t\t\t\t\t\t<\/a>\n\t\t\t\t\t<\/div>\n\t\t\t\t\t<\/div>\n\t\t\t\t<\/div>\n\t\t\t\t\t<\/div>\n\t\t\t\t<\/div>\n\t\t\t\t<\/div>\n\t\t","protected":false},"excerpt":{"rendered":"<p>Vereinsheim und Gastronomie 2017, im Zuge der Modernisierung des Vereinsheimes, wurde auch die Vereinsgastst\u00e4tte neu gestaltet. Ab der Spielzeit 2023 wird das Vereinsheim nicht mehr als \u00f6ffentliche Gastst\u00e4tte betrieben. Der Betrieb des Vereinsheims wird nun von engagierten Mitgliedern gef\u00fchrt. Auf der gro\u00dfen Terrasse unserer\u00a0Vereinsgastst\u00e4tte\u00a0sitzt man quasi mitten im Gr\u00fcnen mit Blick von oben auf die Tennispl\u00e4tze. G\u00e4ste und Tennisbegeisterte sind nach wie vor bei uns willkommen und k\u00f6nnen das Geschehen auf den Tennispl\u00e4tzen genussvoll verfolgen. \u00a0 Hier k\u00f6nnen sie als Gastspieler einen Tennisplatz buchen, sich \u00fcber den Tennisverein informieren oder dem Verein beitreten und direkt ihre Mitgliedschaft abschlie\u00dfen. \u00a0 \u00a0 Unsere Tennispl\u00e4tze 4 Sandpl\u00e4tze \u00a0<\/p>\n","protected":false},"author":1,"featured_media":0,"parent":0,"menu_order":0,"comment_status":"closed","ping_status":"closed","template":"elementor_header_footer","meta":{"footnotes":""},"class_list":["post-748","page","type-page","status-publish","hentry"],"_links":{"self":[{"href":"https:\/\/jaeger.expert\/tma\/wp-json\/wp\/v2\/pages\/748","targetHints":{"allow":["GET"]}}],"collection":[{"href":"https:\/\/jaeger.expert\/tma\/wp-json\/wp\/v2\/pages"}],"about":[{"href":"https:\/\/jaeger.expert\/tma\/wp-json\/wp\/v2\/types\/page"}],"author":[{"embeddable":true,"href":"https:\/\/jaeger.expert\/tma\/wp-json\/wp\/v2\/users\/1"}],"replies":[{"embeddable":true,"href":"https:\/\/jaeger.expert\/tma\/wp-json\/wp\/v2\/comments?post=748"}],"version-history":[{"count":21,"href":"https:\/\/jaeger.expert\/tma\/wp-json\/wp\/v2\/pages\/748\/revisions"}],"predecessor-version":[{"id":1275,"href":"https:\/\/jaeger.expert\/tma\/wp-json\/wp\/v2\/pages\/748\/revisions\/1275"}],"wp:attachment":[{"href":"https:\/\/jaeger.expert\/tma\/wp-json\/wp\/v2\/media?parent=748"}],"curies":[{"name":"wp","href":"https:\/\/api.w.org\/{rel}","templated":true}]}}