{"id":746,"date":"2023-09-21T17:40:52","date_gmt":"2023-09-21T15:40:52","guid":{"rendered":"https:\/\/jaeger.expert\/tma\/?page_id=746"},"modified":"2025-04-25T08:53:11","modified_gmt":"2025-04-25T06:53:11","slug":"unsere-regeln","status":"publish","type":"page","link":"https:\/\/jaeger.expert\/tma\/unsere-regeln\/","title":{"rendered":"Unsere Regeln"},"content":{"rendered":"\t\t<div data-elementor-type=\"wp-page\" data-elementor-id=\"746\" class=\"elementor elementor-746\" data-elementor-post-type=\"page\">\n\t\t\t\t<div class=\"elementor-element elementor-element-ca301a7 e-flex e-con-boxed wpr-particle-no wpr-jarallax-no wpr-parallax-no wpr-sticky-section-no wpr-equal-height-no e-con e-parent\" data-id=\"ca301a7\" data-element_type=\"container\" data-e-type=\"container\">\n\t\t\t\t\t<div class=\"e-con-inner\">\n\t\t\t\t<div class=\"elementor-element elementor-element-388327f elementor-widget elementor-widget-heading\" data-id=\"388327f\" data-element_type=\"widget\" data-e-type=\"widget\" data-widget_type=\"heading.default\">\n\t\t\t\t<div class=\"elementor-widget-container\">\n\t\t\t\t\t<h2 class=\"elementor-heading-title elementor-size-default\">Unsere Regeln<\/h2>\t\t\t\t<\/div>\n\t\t\t\t<\/div>\n\t\t\t\t<div class=\"elementor-element elementor-element-c1f959c elementor-widget elementor-widget-text-editor\" data-id=\"c1f959c\" data-element_type=\"widget\" data-e-type=\"widget\" data-widget_type=\"text-editor.default\">\n\t\t\t\t<div class=\"elementor-widget-container\">\n\t\t\t\t\t\t\t\t\t<h4>Liebe Mitglieder und G\u00e4ste des TMA Freilassing,<\/h4><p>Ein r\u00fccksichtsvolles Miteinander ist die Voraussetzung, dass der Sportbetrieb aber auch das Gemeinschaftliche in einem Verein gut und reibungslos funktioniert. Jeder muss hier seinen Teil dazu beitragen. Wir haben daher eine Spiel- und Platzordnung aufgelegt, die wir allen ans Herz legen m\u00f6chten.\u00a0<\/p><p>Auf perfekt hergerichteten Tennispl\u00e4tzen zu spielen, ist f\u00fcr jeden Tennisspieler ein Vergn\u00fcgen. Deshalb solltet Ihr alle die\u00a0<a class=\"cm_anchor\" href=\"https:\/\/www.tma-freilassing.de\/.cm4all\/uproc.php\/0\/News-PDF\/Acht%20Tods%C3%BCnden-Hochformat.pdf?_=17164b17e30&amp;cdp=a\" target=\"_self\" rel=\"noreferrer noopener\">\u201e8 Tods\u00fcnden auf dem Tennisplatz\u201c<\/a>\u00a0beachten und somit dazu beitragen, dass unsere Pl\u00e4tze die ganze Saison \u00fcber in einem guten Zustand bleiben. In den seltensten F\u00e4llen hat der Platzwart Schuld, sondern wir selbst.<\/p><p>F\u00fcr Neumitglieder haben wir einen\u00a0<a class=\"cm_anchor\" href=\"https:\/\/www.tma-freilassing.de\/.cm4all\/uproc.php\/0\/Wegweiser%20f%C3%BCr%20Neumitglieder_2023_Ta.pdf?cdp=a&amp;_=1871e713aea\" target=\"_self\" rel=\"noreferrer noopener\">\u201eWegweiser\u201c<\/a>\u00a0erstellt, der Ihnen\/Euch eine Hilfe sein soll, f\u00fcr die ersten Schritte im Verein.<\/p><p>Vielen Dank f\u00fcr Euer Entgegenkommen und Eure Mithilfe!<\/p><p><em><strong>Der Vorstand<\/strong><\/em><\/p><h5><strong>Downloads<\/strong><\/h5><ul><li><a class=\"cm_anchor\" href=\"https:\/\/www.tma-freilassing.de\/.cm4all\/uproc.php\/0\/Satzung_2021_Ta.pdf?cdp=a&amp;_=17b05856f20\" target=\"_self\" rel=\"noreferrer noopener\">Satzung des TMA Freilassing<\/a><\/li><li><a class=\"cm_anchor\" href=\"https:\/\/www.tma-freilassing.de\/.cm4all\/uproc.php\/0\/Beitragsordnung%202025_Ta.pdf?cdp=a&amp;_=195ecea3d68\" target=\"_self\" rel=\"noreferrer noopener\">Beitragsordnung,\u00a0<span class=\"cm_anchor\">g\u00fcltig 202<\/span>5<\/a><\/li><li><a class=\"cm_anchor\" href=\"https:\/\/www.tma-freilassing.de\/.cm4all\/uproc.php\/0\/Spiel-%20und%20Platzordnung%202025_Ta-3.pdf?cdp=a&amp;_=195ecea3598\" target=\"_self\" rel=\"noreferrer noopener\"><span class=\"cm_anchor\">Spiel- und Platzordnung, g\u00fcltig 202<\/span>5<\/a><\/li><li><a class=\"cm_anchor\" href=\"https:\/\/www.tma-freilassing.de\/.cm4all\/uproc.php\/0\/Gastspielordnung_2025_Ta.pdf?cdp=a&amp;_=195ecea3980\" target=\"_self\" rel=\"noreferrer noopener\">Gastspielordnung,\u00a0<span class=\"cm_anchor\">g\u00fcltig 202<\/span>5<\/a><\/li><li><a class=\"cm_anchor\" href=\"https:\/\/www.tma-freilassing.de\/.cm4all\/uproc.php\/0\/News-PDF\/Acht%20Tods%C3%BCnden-Hochformat.pdf?_=17164b17e30&amp;cdp=a\" target=\"_self\" rel=\"noreferrer noopener\">Die \u201e8 Tods\u00fcnden\u201d auf einem Tennisplatz<\/a><\/li><li><a class=\"cm_anchor\" href=\"https:\/\/www.tma-freilassing.de\/.cm4all\/uproc.php\/0\/Wegweiser%20f%C3%BCr%20Neumitglieder_2023_Ta.pdf?cdp=a&amp;_=1871e713788\" target=\"_self\" rel=\"noreferrer noopener\">Wegweiser f\u00fcr Neumitglieder<\/a><\/li><li><a class=\"cm_anchor\" href=\"https:\/\/www.tma-freilassing.de\/.cm4all\/uproc.php\/0\/Datenschutzrichtlinie.pdf?_=1784a614158&amp;cdp=a\" target=\"_self\" rel=\"noreferrer noopener\">Datenschutzrichtlinie<\/a><\/li><\/ul>\t\t\t\t\t\t\t\t<\/div>\n\t\t\t\t<\/div>\n\t\t\t\t\t<\/div>\n\t\t\t\t<\/div>\n\t\t\t\t<\/div>\n\t\t","protected":false},"excerpt":{"rendered":"<p>Unsere Regeln Liebe Mitglieder und G\u00e4ste des TMA Freilassing, Ein r\u00fccksichtsvolles Miteinander ist die Voraussetzung, dass der Sportbetrieb aber auch das Gemeinschaftliche in einem Verein gut und reibungslos funktioniert. Jeder muss hier seinen Teil dazu beitragen. Wir haben daher eine Spiel- und Platzordnung aufgelegt, die wir allen ans Herz legen m\u00f6chten.\u00a0 Auf perfekt hergerichteten Tennispl\u00e4tzen zu spielen, ist f\u00fcr jeden Tennisspieler ein Vergn\u00fcgen. Deshalb solltet Ihr alle die\u00a0\u201e8 Tods\u00fcnden auf dem Tennisplatz\u201c\u00a0beachten und somit dazu beitragen, dass unsere Pl\u00e4tze die ganze Saison \u00fcber in einem guten Zustand bleiben. In den seltensten F\u00e4llen hat der Platzwart Schuld, sondern wir selbst. F\u00fcr Neumitglieder haben wir einen\u00a0\u201eWegweiser\u201c\u00a0erstellt, der Ihnen\/Euch eine Hilfe sein soll, f\u00fcr die ersten Schritte im Verein. Vielen Dank f\u00fcr Euer Entgegenkommen und Eure Mithilfe! Der Vorstand Downloads Satzung des TMA Freilassing Beitragsordnung,\u00a0g\u00fcltig 2025 Spiel- und Platzordnung, g\u00fcltig 2025 Gastspielordnung,\u00a0g\u00fcltig 2025 Die \u201e8 Tods\u00fcnden\u201d auf einem Tennisplatz Wegweiser f\u00fcr Neumitglieder Datenschutzrichtlinie<\/p>\n","protected":false},"author":1,"featured_media":0,"parent":0,"menu_order":0,"comment_status":"closed","ping_status":"closed","template":"elementor_header_footer","meta":{"footnotes":""},"class_list":["post-746","page","type-page","status-publish","hentry"],"_links":{"self":[{"href":"https:\/\/jaeger.expert\/tma\/wp-json\/wp\/v2\/pages\/746","targetHints":{"allow":["GET"]}}],"collection":[{"href":"https:\/\/jaeger.expert\/tma\/wp-json\/wp\/v2\/pages"}],"about":[{"href":"https:\/\/jaeger.expert\/tma\/wp-json\/wp\/v2\/types\/page"}],"author":[{"embeddable":true,"href":"https:\/\/jaeger.expert\/tma\/wp-json\/wp\/v2\/users\/1"}],"replies":[{"embeddable":true,"href":"https:\/\/jaeger.expert\/tma\/wp-json\/wp\/v2\/comments?post=746"}],"version-history":[{"count":13,"href":"https:\/\/jaeger.expert\/tma\/wp-json\/wp\/v2\/pages\/746\/revisions"}],"predecessor-version":[{"id":1272,"href":"https:\/\/jaeger.expert\/tma\/wp-json\/wp\/v2\/pages\/746\/revisions\/1272"}],"wp:attachment":[{"href":"https:\/\/jaeger.expert\/tma\/wp-json\/wp\/v2\/media?parent=746"}],"curies":[{"name":"wp","href":"https:\/\/api.w.org\/{rel}","templated":true}]}}