{"id":742,"date":"2023-09-21T17:40:52","date_gmt":"2023-09-21T15:40:52","guid":{"rendered":"https:\/\/jaeger.expert\/tma\/?page_id=742"},"modified":"2025-04-25T08:47:49","modified_gmt":"2025-04-25T06:47:49","slug":"chronik","status":"publish","type":"page","link":"https:\/\/jaeger.expert\/tma\/chronik\/","title":{"rendered":"Chronik"},"content":{"rendered":"\t\t<div data-elementor-type=\"wp-page\" data-elementor-id=\"742\" class=\"elementor elementor-742\" data-elementor-post-type=\"page\">\n\t\t\t\t<div class=\"elementor-element elementor-element-c72980b e-flex e-con-boxed wpr-particle-no wpr-jarallax-no wpr-parallax-no wpr-sticky-section-no wpr-equal-height-no e-con e-parent\" data-id=\"c72980b\" data-element_type=\"container\" data-e-type=\"container\">\n\t\t\t\t\t<div class=\"e-con-inner\">\n\t\t\t\t<div class=\"elementor-element elementor-element-535eb87 elementor-widget elementor-widget-heading\" data-id=\"535eb87\" data-element_type=\"widget\" data-e-type=\"widget\" data-widget_type=\"heading.default\">\n\t\t\t\t<div class=\"elementor-widget-container\">\n\t\t\t\t\t<h2 class=\"elementor-heading-title elementor-size-default\">Chronik<\/h2>\t\t\t\t<\/div>\n\t\t\t\t<\/div>\n\t\t\t\t<div class=\"elementor-element elementor-element-bd778ed elementor-widget elementor-widget-text-editor\" data-id=\"bd778ed\" data-element_type=\"widget\" data-e-type=\"widget\" data-widget_type=\"text-editor.default\">\n\t\t\t\t<div class=\"elementor-widget-container\">\n\t\t\t\t\t\t\t\t\t<p>Durch die Fusion der beiden Freilassinger Tennisvereine ESV und TC zum Tennisverein Max Aicher Freilassing (kurz: TMA Freilassing) entstand in Freilassing 2017 ein neuer zukunftsorientierter Tennisclub. Bereits seit 1953 wird in Freilassing Tennis gespielt. Anfangs bei der Tennisabteilung des ESV Freilassing und ab 1971 auch beim TC Freilassing am Heideweg. Freilassing hat daher schon eine recht lange Tennistradition. Die Fusionierung erfolgte aus rein wirtschaftlichen Gr\u00fcnden. Beide Vereine hatten in den letzten Jahren mit Mitgliederschwund, Nachwuchsproblemen und hohem Kostendruck zu k\u00e4mpfen.<br \/><br \/>Der erste Schritt in eine gemeinsame Zukunft wurde bereits 2015 gesetzt. Die Mannschaften beider Vereine bestritten die Verbandsspiele als Spielgemeinschaft TeG Freilassing. Den Vereinsverantwortlichen war aber schon damals bewusst, nur eine vollkommene Verschmelzung beider Vereine, zu einem neuen Tennisclub<br \/>kann den Tennissport in Freilassing nachhaltig sicherstellen.<br \/><br \/>Zwei Jahre intensiver Gespr\u00e4che und Planungen waren notwendig, um Anfang 2017 diese Fusion zu vollziehen und k\u00fcnftig unter dem neuen Namen \u201eTMA Freilassing\u201c auf den Tennispl\u00e4tzen am Heideweg aufschlagen zu k\u00f6nnen.<\/p><p>Der Wille der Vereinsverantwortlichen der beiden \u201eAltvereine\u201c allein h\u00e4tte nicht ausgereicht um diesen zukunftsweisenden Schritt zu setzten. Einerseits mussten auch die Mitglieder beider Vereine der Fusion zustimmen und bekunden, dass sie mehrheitlich den neuen Weg mitgehen. Anderseits mussten mit dem Grundeigent\u00fcmer der Tennispl\u00e4tze am Heideweg, Max Aicher, die finanziellen Rahmenbedingungen so gekl\u00e4rt werden, dass der neue Verein im Jahr 2017 schuldenfrei den Spielbetrieb aufnehmen kann. Da beide Punkte zufriedenstellend abgearbeitet werden konnten, wurde als letzter Fusionsschritt am 24. Januar 2017 in einer au\u00dferordentlichen Hauptversammlung eine neue Vorstandschaft gew\u00e4hlt.<\/p><p>\u00a0<\/p><p>Dem gesamten Vorstand war beim Amtsantritt klar, dass in den n\u00e4chsten Monaten gro\u00dfe Aufgaben zu bew\u00e4ltigen sein werden: Sanierung aller sechs Tennispl\u00e4tze am Heideweg, Modernisierung des Vereinsgeb\u00e4udes und als wichtigster Punkt, Mitgliederwerbung verbunden mit dem Aufbau einer neuen Kinder- und Jugendabteilung.<\/p>\t\t\t\t\t\t\t\t<\/div>\n\t\t\t\t<\/div>\n\t\t\t\t<div class=\"elementor-element elementor-element-ca63a34 wpr-list-style-none elementor-widget elementor-widget-wpr-posts-timeline\" data-id=\"ca63a34\" data-element_type=\"widget\" data-e-type=\"widget\" data-settings=\"{&quot;animation_offset&quot;:150,&quot;aos_animation_duration&quot;:600}\" data-widget_type=\"wpr-posts-timeline.default\">\n\t\t\t\t<div class=\"elementor-widget-container\">\n\t\t\t\t\t\n\t\t<div class=\"wpr-wrapper wpr-vertical wpr-centered\">\n\t\t\t<div class=\"wpr-timeline-centered wpr-line wpr-both-sided-timeline\"><div class=\"wpr-middle-line\"><\/div><div class=\"wpr-timeline-fill\" data-layout=\"centered\"><\/div><span class=\"wpr-year-wrap\"><span class=\"wpr-year-label wpr-year\">1953<\/span><\/span><article class=\"wpr-timeline-entry wpr-left-aligned elementor-repeater-item-307bd28\" data-item-id=\"elementor-repeater-item-307bd28\"><time class=\"wpr-extra-label\" data-aos=\"fade\" data-aos-left=\"\" data-aos-right=\"\" data-animation-offset=\"150\" data-animation-duration=\"600\"><span class=\"wpr-label\">1953<\/span><\/time><div class=\"wpr-timeline-entry-inner\"><div class=\"wpr-main-line-icon wpr-icon\"><i aria-hidden=\"true\" class=\"far fa-flag\"><\/i><\/div><div class=\"wpr-story-info-vertical wpr-data-wrap \"  data-aos=\"fade\" data-aos-left=\"\" data-aos-right=\"\" data-animation-offset=\"150\" data-animation-duration=\"600\"><div class=\"wpr-timeline-content-wrapper\"><div class=\"wpr-content-wrapper\"><div class=\"wpr-title-wrap\"><span class=\"wpr-title\">ESV Freilassing<\/span><\/div><div class=\"wpr-description\"><p>Bereits seit 1953 wird in Freilassing Tennis gespielt. Anfangs bei der Tennisabteilung des ESV Freilassing.<\/p><\/div><\/div><\/div><\/div>\n\t\t\t\t\t\t<\/div>\n\t\t\t\t<\/article><article class=\"wpr-timeline-entry wpr-right-aligned elementor-repeater-item-fb34100\" data-item-id=\"elementor-repeater-item-fb34100\"><time class=\"wpr-extra-label\" data-aos=\"fade\" data-aos-left=\"\" data-aos-right=\"\" data-animation-offset=\"150\" data-animation-duration=\"600\"><span class=\"wpr-label\">1971<\/span><\/time><div class=\"wpr-timeline-entry-inner\"><div class=\"wpr-main-line-icon wpr-icon\"><i aria-hidden=\"true\" class=\"far fa-flag\"><\/i><\/div><div class=\"wpr-story-info-vertical wpr-data-wrap \"  data-aos=\"fade\" data-aos-left=\"\" data-aos-right=\"\" data-animation-offset=\"150\" data-animation-duration=\"600\"><div class=\"wpr-timeline-content-wrapper\"><div class=\"wpr-content-wrapper\"><div class=\"wpr-title-wrap\"><span class=\"wpr-title\">TC Freilassing<\/span><\/div><div class=\"wpr-description\"><p>Seit der Gr\u00fcndung des TC Freilassing 1971, wird auch am Heideweg Tennis gespielt.<\/p><\/div><\/div><\/div><\/div>\n\t\t\t\t\t\t<\/div>\n\t\t\t\t<\/article><article class=\"wpr-timeline-entry wpr-left-aligned elementor-repeater-item-c4c2f81\" data-item-id=\"elementor-repeater-item-c4c2f81\"><time class=\"wpr-extra-label\" data-aos=\"fade\" data-aos-left=\"\" data-aos-right=\"\" data-animation-offset=\"150\" data-animation-duration=\"600\"><span class=\"wpr-label\">2015<\/span><\/time><div class=\"wpr-timeline-entry-inner\"><div class=\"wpr-main-line-icon wpr-icon\"><i aria-hidden=\"true\" class=\"far fa-flag\"><\/i><\/div><div class=\"wpr-story-info-vertical wpr-data-wrap \"  data-aos=\"fade\" data-aos-left=\"\" data-aos-right=\"\" data-animation-offset=\"150\" data-animation-duration=\"600\"><div class=\"wpr-timeline-content-wrapper\"><div class=\"wpr-content-wrapper\"><div class=\"wpr-title-wrap\"><span class=\"wpr-title\">Spielgemeinschaft TeG Freilassing<\/span><\/div><div class=\"wpr-description\"><p>Der erste Schritt in eine gemeinsame Zukunft wurde bereits 2015 gesetzt. Die Mannschaften beider Vereine bestritten die Verbandsspiele als Spielgemeinschaft TeG Freilassing. Den Vereinsverantwortlichen war aber schon damals bewusst, nur eine vollkommene Verschmelzung beider Vereine, zu einem neuen Tennisclub<br \/>kann den Tennissport in Freilassing nachhaltig sicherstellen.<\/p><\/div><\/div><\/div><\/div>\n\t\t\t\t\t\t<\/div>\n\t\t\t\t<\/article><article class=\"wpr-timeline-entry wpr-right-aligned elementor-repeater-item-50951ed\" data-item-id=\"elementor-repeater-item-50951ed\"><time class=\"wpr-extra-label\" data-aos=\"fade\" data-aos-left=\"\" data-aos-right=\"\" data-animation-offset=\"150\" data-animation-duration=\"600\"><span class=\"wpr-label\">2017<\/span><\/time><div class=\"wpr-timeline-entry-inner\"><div class=\"wpr-main-line-icon wpr-icon\"><i aria-hidden=\"true\" class=\"far fa-flag\"><\/i><\/div><div class=\"wpr-story-info-vertical wpr-data-wrap \"  data-aos=\"fade\" data-aos-left=\"\" data-aos-right=\"\" data-animation-offset=\"150\" data-animation-duration=\"600\"><div class=\"wpr-timeline-content-wrapper\"><div class=\"wpr-content-wrapper\"><div class=\"wpr-title-wrap\"><span class=\"wpr-title\">TMA Freilassing (Fusion)<\/span><\/div><div class=\"wpr-description\"><p>Zwei Jahre intensiver Gespr\u00e4che und Planungen waren notwendig, um Anfang 2017 diese Fusion zu vollziehen und k\u00fcnftig unter dem neuen Namen \u201eTMA Freilassing\u201c auf den Tennispl\u00e4tzen am Heideweg aufschlagen zu k\u00f6nnen.<\/p><\/div><\/div><\/div><\/div>\n\t\t\t\t\t\t<\/div>\n\t\t\t\t<\/article><\/div>    \n\t\t\t<\/div>\t\t\t\t<\/div>\n\t\t\t\t<\/div>\n\t\t\t\t\t<\/div>\n\t\t\t\t<\/div>\n\t\t\t\t<\/div>\n\t\t","protected":false},"excerpt":{"rendered":"<p>Chronik Durch die Fusion der beiden Freilassinger Tennisvereine ESV und TC zum Tennisverein Max Aicher Freilassing (kurz: TMA Freilassing) entstand in Freilassing 2017 ein neuer zukunftsorientierter Tennisclub. Bereits seit 1953 wird in Freilassing Tennis gespielt. Anfangs bei der Tennisabteilung des ESV Freilassing und ab 1971 auch beim TC Freilassing am Heideweg. Freilassing hat daher schon eine recht lange Tennistradition. Die Fusionierung erfolgte aus rein wirtschaftlichen Gr\u00fcnden. Beide Vereine hatten in den letzten Jahren mit Mitgliederschwund, Nachwuchsproblemen und hohem Kostendruck zu k\u00e4mpfen. Der erste Schritt in eine gemeinsame Zukunft wurde bereits 2015 gesetzt. Die Mannschaften beider Vereine bestritten die Verbandsspiele als Spielgemeinschaft TeG Freilassing. Den Vereinsverantwortlichen war aber schon damals bewusst, nur eine vollkommene Verschmelzung beider Vereine, zu einem neuen Tennisclubkann den Tennissport in Freilassing nachhaltig sicherstellen. Zwei Jahre intensiver Gespr\u00e4che und Planungen waren notwendig, um Anfang 2017 diese Fusion zu vollziehen und k\u00fcnftig unter dem neuen Namen \u201eTMA Freilassing\u201c auf den Tennispl\u00e4tzen am Heideweg aufschlagen zu k\u00f6nnen. Der Wille der Vereinsverantwortlichen der beiden \u201eAltvereine\u201c allein h\u00e4tte nicht ausgereicht um diesen zukunftsweisenden Schritt zu setzten. Einerseits mussten auch die Mitglieder beider Vereine der Fusion zustimmen und bekunden, dass sie mehrheitlich den neuen Weg mitgehen. Anderseits mussten mit dem Grundeigent\u00fcmer der Tennispl\u00e4tze am Heideweg, Max Aicher, die finanziellen Rahmenbedingungen so gekl\u00e4rt werden, dass der neue Verein im Jahr 2017 schuldenfrei den Spielbetrieb aufnehmen kann. Da beide Punkte zufriedenstellend abgearbeitet werden konnten, wurde als letzter Fusionsschritt am 24. Januar 2017 in einer au\u00dferordentlichen Hauptversammlung eine neue Vorstandschaft gew\u00e4hlt. \u00a0 Dem gesamten Vorstand war beim Amtsantritt klar, dass in den n\u00e4chsten Monaten gro\u00dfe Aufgaben zu bew\u00e4ltigen sein werden: Sanierung aller sechs Tennispl\u00e4tze am Heideweg, Modernisierung des Vereinsgeb\u00e4udes und als wichtigster Punkt, Mitgliederwerbung verbunden mit dem Aufbau einer neuen Kinder- und Jugendabteilung. 1953 1953 ESV Freilassing Bereits seit 1953 wird in Freilassing Tennis gespielt. Anfangs bei der Tennisabteilung des ESV Freilassing. 1971 TC Freilassing Seit der Gr\u00fcndung des TC Freilassing 1971, wird auch am Heideweg Tennis gespielt. 2015 Spielgemeinschaft TeG Freilassing Der erste Schritt in eine gemeinsame Zukunft wurde bereits 2015 gesetzt. Die Mannschaften beider Vereine bestritten die Verbandsspiele als Spielgemeinschaft TeG Freilassing. Den Vereinsverantwortlichen war aber schon damals bewusst, nur eine vollkommene Verschmelzung beider Vereine, zu einem neuen Tennisclubkann den Tennissport in Freilassing nachhaltig sicherstellen. 2017 TMA Freilassing (Fusion) Zwei Jahre intensiver Gespr\u00e4che und Planungen waren notwendig, um Anfang 2017 diese Fusion zu vollziehen und k\u00fcnftig unter dem neuen Namen \u201eTMA Freilassing\u201c auf den Tennispl\u00e4tzen am Heideweg aufschlagen zu k\u00f6nnen.<\/p>\n","protected":false},"author":1,"featured_media":0,"parent":0,"menu_order":0,"comment_status":"closed","ping_status":"closed","template":"elementor_header_footer","meta":{"footnotes":""},"class_list":["post-742","page","type-page","status-publish","hentry"],"_links":{"self":[{"href":"https:\/\/jaeger.expert\/tma\/wp-json\/wp\/v2\/pages\/742","targetHints":{"allow":["GET"]}}],"collection":[{"href":"https:\/\/jaeger.expert\/tma\/wp-json\/wp\/v2\/pages"}],"about":[{"href":"https:\/\/jaeger.expert\/tma\/wp-json\/wp\/v2\/types\/page"}],"author":[{"embeddable":true,"href":"https:\/\/jaeger.expert\/tma\/wp-json\/wp\/v2\/users\/1"}],"replies":[{"embeddable":true,"href":"https:\/\/jaeger.expert\/tma\/wp-json\/wp\/v2\/comments?post=742"}],"version-history":[{"count":14,"href":"https:\/\/jaeger.expert\/tma\/wp-json\/wp\/v2\/pages\/742\/revisions"}],"predecessor-version":[{"id":1239,"href":"https:\/\/jaeger.expert\/tma\/wp-json\/wp\/v2\/pages\/742\/revisions\/1239"}],"wp:attachment":[{"href":"https:\/\/jaeger.expert\/tma\/wp-json\/wp\/v2\/media?parent=742"}],"curies":[{"name":"wp","href":"https:\/\/api.w.org\/{rel}","templated":true}]}}