{"id":692,"date":"2025-03-22T19:27:57","date_gmt":"2025-03-22T18:27:57","guid":{"rendered":"https:\/\/jaeger.expert\/tma\/?page_id=692"},"modified":"2025-04-25T07:57:59","modified_gmt":"2025-04-25T05:57:59","slug":"news-presse","status":"publish","type":"page","link":"https:\/\/jaeger.expert\/tma\/news-presse\/","title":{"rendered":"News &#038; Presse"},"content":{"rendered":"\t\t<div data-elementor-type=\"wp-page\" data-elementor-id=\"692\" class=\"elementor elementor-692\" data-elementor-post-type=\"page\">\n\t\t\t\t<div class=\"elementor-element elementor-element-2034e76 e-flex e-con-boxed wpr-particle-no wpr-jarallax-no wpr-parallax-no wpr-sticky-section-no wpr-equal-height-no e-con e-parent\" data-id=\"2034e76\" data-element_type=\"container\" data-e-type=\"container\">\n\t\t\t\t\t<div class=\"e-con-inner\">\n\t\t\t\t<div class=\"elementor-element elementor-element-c35e280 elementor-widget elementor-widget-heading\" data-id=\"c35e280\" data-element_type=\"widget\" data-e-type=\"widget\" data-widget_type=\"heading.default\">\n\t\t\t\t<div class=\"elementor-widget-container\">\n\t\t\t\t\t<h2 class=\"elementor-heading-title elementor-size-default\">News und Presse<\/h2>\t\t\t\t<\/div>\n\t\t\t\t<\/div>\n\t\t\t\t<div class=\"elementor-element elementor-element-bf61377 elementor-widget elementor-widget-text-editor\" data-id=\"bf61377\" data-element_type=\"widget\" data-e-type=\"widget\" data-widget_type=\"text-editor.default\">\n\t\t\t\t<div class=\"elementor-widget-container\">\n\t\t\t\t\t\t\t\t\t<p>Unsere Ansprechpartner f\u00fcr Medien, \u00d6ffentlichkeitsarbeit und Werbung\u00a0 sind:<\/p><p><a href=\"https:\/\/jaeger.expert\/tma\/vorstand\/\">Helmut Tamerl<\/a> (Schriftf\u00fchrer) und <a href=\"https:\/\/jaeger.expert\/tma\/vorstand\/\">Dominik J\u00e4ger<\/a> (Werbung und Digitale Kommunikation).<\/p>\t\t\t\t\t\t\t\t<\/div>\n\t\t\t\t<\/div>\n\t\t\t\t<div class=\"elementor-element elementor-element-7f7d537 elementor-widget elementor-widget-heading\" data-id=\"7f7d537\" data-element_type=\"widget\" data-e-type=\"widget\" data-widget_type=\"heading.default\">\n\t\t\t\t<div class=\"elementor-widget-container\">\n\t\t\t\t\t<h2 class=\"elementor-heading-title elementor-size-default\">Artikel Archiv<\/h2>\t\t\t\t<\/div>\n\t\t\t\t<\/div>\n\t\t\t\t<div class=\"elementor-element elementor-element-11e3840 elementor-grid-3 elementor-grid-tablet-2 elementor-grid-mobile-1 elementor-posts--thumbnail-top elementor-card-shadow-yes elementor-posts__hover-gradient elementor-widget elementor-widget-posts\" data-id=\"11e3840\" data-element_type=\"widget\" data-e-type=\"widget\" data-settings=\"{&quot;pagination_type&quot;:&quot;numbers_and_prev_next&quot;,&quot;cards_columns&quot;:&quot;3&quot;,&quot;cards_columns_tablet&quot;:&quot;2&quot;,&quot;cards_columns_mobile&quot;:&quot;1&quot;,&quot;cards_row_gap&quot;:{&quot;unit&quot;:&quot;px&quot;,&quot;size&quot;:35,&quot;sizes&quot;:[]},&quot;cards_row_gap_tablet&quot;:{&quot;unit&quot;:&quot;px&quot;,&quot;size&quot;:&quot;&quot;,&quot;sizes&quot;:[]},&quot;cards_row_gap_mobile&quot;:{&quot;unit&quot;:&quot;px&quot;,&quot;size&quot;:&quot;&quot;,&quot;sizes&quot;:[]}}\" data-widget_type=\"posts.cards\">\n\t\t\t\t<div class=\"elementor-widget-container\">\n\t\t\t\t\t\t\t<div class=\"elementor-posts-container elementor-posts elementor-posts--skin-cards elementor-grid\" role=\"list\">\n\t\t\t\t<article class=\"elementor-post elementor-grid-item post-1402 post type-post status-publish format-standard has-post-thumbnail hentry category-allgemein\" role=\"listitem\">\n\t\t\t<div class=\"elementor-post__card\">\n\t\t\t\t<a class=\"elementor-post__thumbnail__link\" href=\"https:\/\/jaeger.expert\/tma\/2025\/05\/04\/start-in-die-verbandsrunde-2025\/\" tabindex=\"-1\" ><div class=\"elementor-post__thumbnail\"><img fetchpriority=\"high\" decoding=\"async\" width=\"300\" height=\"225\" src=\"https:\/\/jaeger.expert\/tma\/wp-content\/uploads\/2025\/05\/IMG_5157-300x225.jpg\" class=\"attachment-medium size-medium wp-image-1403\" alt=\"\" srcset=\"https:\/\/jaeger.expert\/tma\/wp-content\/uploads\/2025\/05\/IMG_5157-300x225.jpg 300w, https:\/\/jaeger.expert\/tma\/wp-content\/uploads\/2025\/05\/IMG_5157-1024x768.jpg 1024w, https:\/\/jaeger.expert\/tma\/wp-content\/uploads\/2025\/05\/IMG_5157-768x576.jpg 768w, https:\/\/jaeger.expert\/tma\/wp-content\/uploads\/2025\/05\/IMG_5157-1536x1152.jpg 1536w, https:\/\/jaeger.expert\/tma\/wp-content\/uploads\/2025\/05\/IMG_5157-2048x1536.jpg 2048w\" sizes=\"(max-width: 300px) 100vw, 300px\" \/><\/div><\/a>\n\t\t\t\t<div class=\"elementor-post__text\">\n\t\t\t\t<h3 class=\"elementor-post__title\">\n\t\t\t<a href=\"https:\/\/jaeger.expert\/tma\/2025\/05\/04\/start-in-die-verbandsrunde-2025\/\" >\n\t\t\t\tStart in die Verbandsrunde 2025\t\t\t<\/a>\n\t\t<\/h3>\n\t\t\t\t<div class=\"elementor-post__excerpt\">\n\t\t\t<p>Auftaktsieg f\u00fcr die Herrenmannschaft des TMA Freilassing Der Start in die Verbandsrunde 2025 war f\u00fcr die 1. Herrenmannschaft des TMA Freilassing in der S\u00fcdliga 2 erfolgsversprechend. Die auf den Spitzenpositionen<\/p>\n\t\t<\/div>\n\t\t\n\t\t<a class=\"elementor-post__read-more\" href=\"https:\/\/jaeger.expert\/tma\/2025\/05\/04\/start-in-die-verbandsrunde-2025\/\" aria-label=\"Mehr \u00fcber Start in die Verbandsrunde 2025\" tabindex=\"-1\" >\n\t\t\tWeiterlesen \u00bb\t\t<\/a>\n\n\t\t\t\t<\/div>\n\t\t\t\t<div class=\"elementor-post__meta-data\">\n\t\t\t\t\t<span class=\"elementor-post-date\">\n\t\t\t4. Mai 2025\t\t<\/span>\n\t\t\t\t<\/div>\n\t\t\t\t\t<\/div>\n\t\t<\/article>\n\t\t\t\t<article class=\"elementor-post elementor-grid-item post-1379 post type-post status-publish format-standard has-post-thumbnail hentry category-veranstaltung\" role=\"listitem\">\n\t\t\t<div class=\"elementor-post__card\">\n\t\t\t\t<a class=\"elementor-post__thumbnail__link\" href=\"https:\/\/jaeger.expert\/tma\/2025\/05\/03\/eroeffnungsturnier-2025\/\" tabindex=\"-1\" ><div class=\"elementor-post__thumbnail\"><img decoding=\"async\" width=\"300\" height=\"169\" src=\"https:\/\/jaeger.expert\/tma\/wp-content\/uploads\/2025\/05\/1000032943-300x169.jpg\" class=\"attachment-medium size-medium wp-image-1380\" alt=\"\" srcset=\"https:\/\/jaeger.expert\/tma\/wp-content\/uploads\/2025\/05\/1000032943-300x169.jpg 300w, https:\/\/jaeger.expert\/tma\/wp-content\/uploads\/2025\/05\/1000032943-1024x576.jpg 1024w, https:\/\/jaeger.expert\/tma\/wp-content\/uploads\/2025\/05\/1000032943-768x432.jpg 768w, https:\/\/jaeger.expert\/tma\/wp-content\/uploads\/2025\/05\/1000032943-1536x864.jpg 1536w, https:\/\/jaeger.expert\/tma\/wp-content\/uploads\/2025\/05\/1000032943-2048x1152.jpg 2048w\" sizes=\"(max-width: 300px) 100vw, 300px\" \/><\/div><\/a>\n\t\t\t\t<div class=\"elementor-post__text\">\n\t\t\t\t<h3 class=\"elementor-post__title\">\n\t\t\t<a href=\"https:\/\/jaeger.expert\/tma\/2025\/05\/03\/eroeffnungsturnier-2025\/\" >\n\t\t\t\tEr\u00f6ffnungsturnier 2025\t\t\t<\/a>\n\t\t<\/h3>\n\t\t\t\t<div class=\"elementor-post__excerpt\">\n\t\t\t<p>Tennis-Saisonstart in Freilassing &#8211; Rekordteilnahme beim Saison-Er\u00f6ffnungsturnier Der \u201eTennisverein Max Aicher Freilassing\u201c startete am 3. Mai mit einem Er\u00f6ffnungs-Doppelturnier und einer Er\u00f6ffnungsfeier in die Tennissaison 2025. Bei strahlendem Wetter und<\/p>\n\t\t<\/div>\n\t\t\n\t\t<a class=\"elementor-post__read-more\" href=\"https:\/\/jaeger.expert\/tma\/2025\/05\/03\/eroeffnungsturnier-2025\/\" aria-label=\"Mehr \u00fcber Er\u00f6ffnungsturnier 2025\" tabindex=\"-1\" >\n\t\t\tWeiterlesen \u00bb\t\t<\/a>\n\n\t\t\t\t<\/div>\n\t\t\t\t<div class=\"elementor-post__meta-data\">\n\t\t\t\t\t<span class=\"elementor-post-date\">\n\t\t\t3. Mai 2025\t\t<\/span>\n\t\t\t\t<\/div>\n\t\t\t\t\t<\/div>\n\t\t<\/article>\n\t\t\t\t<article class=\"elementor-post elementor-grid-item post-653 post type-post status-publish format-standard has-post-thumbnail hentry category-veranstaltung\" role=\"listitem\">\n\t\t\t<div class=\"elementor-post__card\">\n\t\t\t\t<a class=\"elementor-post__thumbnail__link\" href=\"https:\/\/jaeger.expert\/tma\/2024\/10\/12\/saisonabschlussturnier-2024\/\" tabindex=\"-1\" ><div class=\"elementor-post__thumbnail\"><img decoding=\"async\" width=\"300\" height=\"201\" src=\"https:\/\/jaeger.expert\/tma\/wp-content\/uploads\/2025\/02\/picture-16002-300x201.jpg\" class=\"attachment-medium size-medium wp-image-654\" alt=\"\" srcset=\"https:\/\/jaeger.expert\/tma\/wp-content\/uploads\/2025\/02\/picture-16002-300x201.jpg 300w, https:\/\/jaeger.expert\/tma\/wp-content\/uploads\/2025\/02\/picture-16002-1024x687.jpg 1024w, https:\/\/jaeger.expert\/tma\/wp-content\/uploads\/2025\/02\/picture-16002-768x515.jpg 768w, https:\/\/jaeger.expert\/tma\/wp-content\/uploads\/2025\/02\/picture-16002-1536x1030.jpg 1536w, https:\/\/jaeger.expert\/tma\/wp-content\/uploads\/2025\/02\/picture-16002.jpg 1600w\" sizes=\"(max-width: 300px) 100vw, 300px\" \/><\/div><\/a>\n\t\t\t\t<div class=\"elementor-post__text\">\n\t\t\t\t<h3 class=\"elementor-post__title\">\n\t\t\t<a href=\"https:\/\/jaeger.expert\/tma\/2024\/10\/12\/saisonabschlussturnier-2024\/\" >\n\t\t\t\tSaisonabschlussturnier 2024\t\t\t<\/a>\n\t\t<\/h3>\n\t\t\t\t<div class=\"elementor-post__excerpt\">\n\t\t\t<p>Ein voller Erfolg war wieder das Saisonabschlussturnier 2024 am vergangenen Samstag. Nahezu drei\u00dfig Meldungen erforderten einen ausgekl\u00fcgelten Turniermodus der allen Spielerinnen und Spielern gerecht wurde. Erfreulich war, dass auch zahlreiche<\/p>\n\t\t<\/div>\n\t\t\n\t\t<a class=\"elementor-post__read-more\" href=\"https:\/\/jaeger.expert\/tma\/2024\/10\/12\/saisonabschlussturnier-2024\/\" aria-label=\"Mehr \u00fcber Saisonabschlussturnier 2024\" tabindex=\"-1\" >\n\t\t\tWeiterlesen \u00bb\t\t<\/a>\n\n\t\t\t\t<\/div>\n\t\t\t\t<div class=\"elementor-post__meta-data\">\n\t\t\t\t\t<span class=\"elementor-post-date\">\n\t\t\t12. Oktober 2024\t\t<\/span>\n\t\t\t\t<\/div>\n\t\t\t\t\t<\/div>\n\t\t<\/article>\n\t\t\t\t<article class=\"elementor-post elementor-grid-item post-649 post type-post status-publish format-standard has-post-thumbnail hentry category-veranstaltung\" role=\"listitem\">\n\t\t\t<div class=\"elementor-post__card\">\n\t\t\t\t<a class=\"elementor-post__thumbnail__link\" href=\"https:\/\/jaeger.expert\/tma\/2024\/10\/05\/freilassinger-tennis-stadtmeisterschaften-2024\/\" tabindex=\"-1\" ><div class=\"elementor-post__thumbnail\"><img loading=\"lazy\" decoding=\"async\" width=\"300\" height=\"225\" src=\"https:\/\/jaeger.expert\/tma\/wp-content\/uploads\/2025\/02\/picture-1600-300x225.jpg\" class=\"attachment-medium size-medium wp-image-650\" alt=\"\" srcset=\"https:\/\/jaeger.expert\/tma\/wp-content\/uploads\/2025\/02\/picture-1600-300x225.jpg 300w, https:\/\/jaeger.expert\/tma\/wp-content\/uploads\/2025\/02\/picture-1600-1024x768.jpg 1024w, https:\/\/jaeger.expert\/tma\/wp-content\/uploads\/2025\/02\/picture-1600-768x576.jpg 768w, https:\/\/jaeger.expert\/tma\/wp-content\/uploads\/2025\/02\/picture-1600-1536x1152.jpg 1536w, https:\/\/jaeger.expert\/tma\/wp-content\/uploads\/2025\/02\/picture-1600.jpg 1600w\" sizes=\"(max-width: 300px) 100vw, 300px\" \/><\/div><\/a>\n\t\t\t\t<div class=\"elementor-post__text\">\n\t\t\t\t<h3 class=\"elementor-post__title\">\n\t\t\t<a href=\"https:\/\/jaeger.expert\/tma\/2024\/10\/05\/freilassinger-tennis-stadtmeisterschaften-2024\/\" >\n\t\t\t\tFreilassinger Tennis-Stadtmeisterschaften 2024\t\t\t<\/a>\n\t\t<\/h3>\n\t\t\t\t<div class=\"elementor-post__excerpt\">\n\t\t\t<p>In den vergangenen drei Wochen fanden auf unserer Tennisanlage die Freilassinger Tennis-Stadtmeisterschaften 2024 statt. Toni Moosleitner (Bild links) bei den Herren und Juraj Jankela (Bild rechts) bei den Herren +65<\/p>\n\t\t<\/div>\n\t\t\n\t\t<a class=\"elementor-post__read-more\" href=\"https:\/\/jaeger.expert\/tma\/2024\/10\/05\/freilassinger-tennis-stadtmeisterschaften-2024\/\" aria-label=\"Mehr \u00fcber Freilassinger Tennis-Stadtmeisterschaften 2024\" tabindex=\"-1\" >\n\t\t\tWeiterlesen \u00bb\t\t<\/a>\n\n\t\t\t\t<\/div>\n\t\t\t\t<div class=\"elementor-post__meta-data\">\n\t\t\t\t\t<span class=\"elementor-post-date\">\n\t\t\t5. Oktober 2024\t\t<\/span>\n\t\t\t\t<\/div>\n\t\t\t\t\t<\/div>\n\t\t<\/article>\n\t\t\t\t<article class=\"elementor-post elementor-grid-item post-941 post type-post status-publish format-standard has-post-thumbnail hentry category-veranstaltung\" role=\"listitem\">\n\t\t\t<div class=\"elementor-post__card\">\n\t\t\t\t<a class=\"elementor-post__thumbnail__link\" href=\"https:\/\/jaeger.expert\/tma\/2024\/05\/12\/freilassinger-tennis-herren-2-sieg-in-folge\/\" tabindex=\"-1\" ><div class=\"elementor-post__thumbnail\"><img loading=\"lazy\" decoding=\"async\" width=\"300\" height=\"237\" src=\"https:\/\/jaeger.expert\/tma\/wp-content\/uploads\/2025\/04\/thumbnail_Bild-1-300x237.jpg\" class=\"attachment-medium size-medium wp-image-1231\" alt=\"\" srcset=\"https:\/\/jaeger.expert\/tma\/wp-content\/uploads\/2025\/04\/thumbnail_Bild-1-300x237.jpg 300w, https:\/\/jaeger.expert\/tma\/wp-content\/uploads\/2025\/04\/thumbnail_Bild-1-1024x810.jpg 1024w, https:\/\/jaeger.expert\/tma\/wp-content\/uploads\/2025\/04\/thumbnail_Bild-1-768x608.jpg 768w, https:\/\/jaeger.expert\/tma\/wp-content\/uploads\/2025\/04\/thumbnail_Bild-1-1536x1215.jpg 1536w, https:\/\/jaeger.expert\/tma\/wp-content\/uploads\/2025\/04\/thumbnail_Bild-1.jpg 1920w\" sizes=\"(max-width: 300px) 100vw, 300px\" \/><\/div><\/a>\n\t\t\t\t<div class=\"elementor-post__text\">\n\t\t\t\t<h3 class=\"elementor-post__title\">\n\t\t\t<a href=\"https:\/\/jaeger.expert\/tma\/2024\/05\/12\/freilassinger-tennis-herren-2-sieg-in-folge\/\" >\n\t\t\t\tFreilassinger Tennis-Herren, 2. Sieg in Folge\t\t\t<\/a>\n\t\t<\/h3>\n\t\t\t\t<div class=\"elementor-post__excerpt\">\n\t\t\t<p>Freilassinger Tennis-Herren, 2. Sieg in Folge Herren 65 zum Auftakt siegreich \u00a0 Die 1. Herrenmannschaft des Tennisvereins Max Aicher Freilassing best\u00e4tigt am Sonntag beim ASV Happing ihre Fr\u00fchform und gewann<\/p>\n\t\t<\/div>\n\t\t\n\t\t<a class=\"elementor-post__read-more\" href=\"https:\/\/jaeger.expert\/tma\/2024\/05\/12\/freilassinger-tennis-herren-2-sieg-in-folge\/\" aria-label=\"Mehr \u00fcber Freilassinger Tennis-Herren, 2. Sieg in Folge\" tabindex=\"-1\" >\n\t\t\tWeiterlesen \u00bb\t\t<\/a>\n\n\t\t\t\t<\/div>\n\t\t\t\t<div class=\"elementor-post__meta-data\">\n\t\t\t\t\t<span class=\"elementor-post-date\">\n\t\t\t12. Mai 2024\t\t<\/span>\n\t\t\t\t<\/div>\n\t\t\t\t\t<\/div>\n\t\t<\/article>\n\t\t\t\t<article class=\"elementor-post elementor-grid-item post-659 post type-post status-publish format-standard has-post-thumbnail hentry category-veranstaltung\" role=\"listitem\">\n\t\t\t<div class=\"elementor-post__card\">\n\t\t\t\t<a class=\"elementor-post__thumbnail__link\" href=\"https:\/\/jaeger.expert\/tma\/2024\/05\/01\/eroeffnungsturnier-2024\/\" tabindex=\"-1\" ><div class=\"elementor-post__thumbnail\"><img loading=\"lazy\" decoding=\"async\" width=\"300\" height=\"225\" src=\"https:\/\/jaeger.expert\/tma\/wp-content\/uploads\/2025\/02\/21f19fd9-6fdc-4d43-ad9f-33163ffa4ced-1-300x225.jpg\" class=\"attachment-medium size-medium wp-image-661\" alt=\"\" srcset=\"https:\/\/jaeger.expert\/tma\/wp-content\/uploads\/2025\/02\/21f19fd9-6fdc-4d43-ad9f-33163ffa4ced-1-300x225.jpg 300w, https:\/\/jaeger.expert\/tma\/wp-content\/uploads\/2025\/02\/21f19fd9-6fdc-4d43-ad9f-33163ffa4ced-1-1024x768.jpg 1024w, https:\/\/jaeger.expert\/tma\/wp-content\/uploads\/2025\/02\/21f19fd9-6fdc-4d43-ad9f-33163ffa4ced-1-768x576.jpg 768w, https:\/\/jaeger.expert\/tma\/wp-content\/uploads\/2025\/02\/21f19fd9-6fdc-4d43-ad9f-33163ffa4ced-1-1536x1152.jpg 1536w, https:\/\/jaeger.expert\/tma\/wp-content\/uploads\/2025\/02\/21f19fd9-6fdc-4d43-ad9f-33163ffa4ced-1.jpg 1600w\" sizes=\"(max-width: 300px) 100vw, 300px\" \/><\/div><\/a>\n\t\t\t\t<div class=\"elementor-post__text\">\n\t\t\t\t<h3 class=\"elementor-post__title\">\n\t\t\t<a href=\"https:\/\/jaeger.expert\/tma\/2024\/05\/01\/eroeffnungsturnier-2024\/\" >\n\t\t\t\tSaisoner\u00f6ffnung 2024\t\t\t<\/a>\n\t\t<\/h3>\n\t\t\t\t<div class=\"elementor-post__excerpt\">\n\t\t\t<p>Vor einer Woche sind wir ja in die Tennissaison gestartet. Die Pl\u00e4tze sind soweit fertig, die Anlage wieder auf Vordermann gebracht.\u00a0Der Vorstand des TMA Freilassing l\u00e4dt alle Mitglieder aber auch<\/p>\n\t\t<\/div>\n\t\t\n\t\t<a class=\"elementor-post__read-more\" href=\"https:\/\/jaeger.expert\/tma\/2024\/05\/01\/eroeffnungsturnier-2024\/\" aria-label=\"Mehr \u00fcber Saisoner\u00f6ffnung 2024\" tabindex=\"-1\" >\n\t\t\tWeiterlesen \u00bb\t\t<\/a>\n\n\t\t\t\t<\/div>\n\t\t\t\t<div class=\"elementor-post__meta-data\">\n\t\t\t\t\t<span class=\"elementor-post-date\">\n\t\t\t1. Mai 2024\t\t<\/span>\n\t\t\t\t<\/div>\n\t\t\t\t\t<\/div>\n\t\t<\/article>\n\t\t\t\t<\/div>\n\t\t\n\t\t\t\t<div class=\"e-load-more-anchor\" data-page=\"1\" data-max-page=\"2\" data-next-page=\"https:\/\/jaeger.expert\/tma\/wp-json\/wp\/v2\/pages\/692\/page\/2\/\"><\/div>\n\t\t\t\t<nav class=\"elementor-pagination\" aria-label=\"Seitennummerierung\">\n\t\t\t<span class=\"page-numbers prev\"><<<\/span>\n<span aria-current=\"page\" class=\"page-numbers current\"><span class=\"elementor-screen-only\">Seite<\/span>1<\/span>\n<a class=\"page-numbers\" href=\"https:\/\/jaeger.expert\/tma\/wp-json\/wp\/v2\/pages\/692\/page\/2\/\"><span class=\"elementor-screen-only\">Seite<\/span>2<\/a>\n<a class=\"page-numbers next\" href=\"https:\/\/jaeger.expert\/tma\/wp-json\/wp\/v2\/pages\/692\/page\/2\/\">>><\/a>\t\t<\/nav>\n\t\t\t\t\t\t<\/div>\n\t\t\t\t<\/div>\n\t\t\t\t\t<\/div>\n\t\t\t\t<\/div>\n\t\t<div class=\"elementor-element elementor-element-29ef7a9 e-flex e-con-boxed wpr-particle-no wpr-jarallax-no wpr-parallax-no wpr-sticky-section-no wpr-equal-height-no e-con e-parent\" data-id=\"29ef7a9\" data-element_type=\"container\" data-e-type=\"container\">\n\t\t\t\t\t<div class=\"e-con-inner\">\n\t\t\t\t<div class=\"elementor-element elementor-element-70e1a4a elementor-widget elementor-widget-heading\" data-id=\"70e1a4a\" data-element_type=\"widget\" data-e-type=\"widget\" data-widget_type=\"heading.default\">\n\t\t\t\t<div class=\"elementor-widget-container\">\n\t\t\t\t\t<h2 class=\"elementor-heading-title elementor-size-default\">Medienberichte<\/h2>\t\t\t\t<\/div>\n\t\t\t\t<\/div>\n\t\t\t\t<div class=\"elementor-element elementor-element-b6ef57d elementor-grid-3 elementor-grid-tablet-2 elementor-grid-mobile-1 elementor-posts--thumbnail-top elementor-card-shadow-yes elementor-posts__hover-gradient elementor-widget elementor-widget-posts\" data-id=\"b6ef57d\" data-element_type=\"widget\" data-e-type=\"widget\" data-settings=\"{&quot;pagination_type&quot;:&quot;numbers&quot;,&quot;cards_columns&quot;:&quot;3&quot;,&quot;cards_columns_tablet&quot;:&quot;2&quot;,&quot;cards_columns_mobile&quot;:&quot;1&quot;,&quot;cards_row_gap&quot;:{&quot;unit&quot;:&quot;px&quot;,&quot;size&quot;:35,&quot;sizes&quot;:[]},&quot;cards_row_gap_tablet&quot;:{&quot;unit&quot;:&quot;px&quot;,&quot;size&quot;:&quot;&quot;,&quot;sizes&quot;:[]},&quot;cards_row_gap_mobile&quot;:{&quot;unit&quot;:&quot;px&quot;,&quot;size&quot;:&quot;&quot;,&quot;sizes&quot;:[]}}\" data-widget_type=\"posts.cards\">\n\t\t\t\t<div class=\"elementor-widget-container\">\n\t\t\t\t\t\t\t<div class=\"elementor-posts-container elementor-posts elementor-posts--skin-cards elementor-grid\" role=\"list\">\n\t\t\t\t<article class=\"elementor-post elementor-grid-item post-1203 post type-post status-publish format-standard has-post-thumbnail hentry category-presse\" role=\"listitem\">\n\t\t\t<div class=\"elementor-post__card\">\n\t\t\t\t<a class=\"elementor-post__thumbnail__link\" href=\"https:\/\/jaeger.expert\/tma\/2023\/06\/23\/freilassinger-anzeiger\/\" tabindex=\"-1\" ><div class=\"elementor-post__thumbnail\"><img loading=\"lazy\" decoding=\"async\" width=\"300\" height=\"248\" src=\"https:\/\/jaeger.expert\/tma\/wp-content\/uploads\/2023\/06\/presse_2023_06_22-300x248.png\" class=\"attachment-medium size-medium wp-image-1371\" alt=\"\" srcset=\"https:\/\/jaeger.expert\/tma\/wp-content\/uploads\/2023\/06\/presse_2023_06_22-300x248.png 300w, https:\/\/jaeger.expert\/tma\/wp-content\/uploads\/2023\/06\/presse_2023_06_22.png 638w\" sizes=\"(max-width: 300px) 100vw, 300px\" \/><\/div><\/a>\n\t\t\t\t<div class=\"elementor-post__text\">\n\t\t\t\t<h3 class=\"elementor-post__title\">\n\t\t\t<a href=\"https:\/\/jaeger.expert\/tma\/2023\/06\/23\/freilassinger-anzeiger\/\" >\n\t\t\t\tFreilassinger Anzeiger\t\t\t<\/a>\n\t\t<\/h3>\n\t\t\t\t<div class=\"elementor-post__excerpt\">\n\t\t\t<p>Herren 65 und Damen erfolgreich.<\/p>\n\t\t<\/div>\n\t\t\n\t\t<a class=\"elementor-post__read-more\" href=\"https:\/\/jaeger.expert\/tma\/2023\/06\/23\/freilassinger-anzeiger\/\" aria-label=\"Mehr \u00fcber Freilassinger Anzeiger\" tabindex=\"-1\" >\n\t\t\tWeiterlesen \u00bb\t\t<\/a>\n\n\t\t\t\t<\/div>\n\t\t\t\t<div class=\"elementor-post__meta-data\">\n\t\t\t\t\t<span class=\"elementor-post-date\">\n\t\t\t23. Juni 2023\t\t<\/span>\n\t\t\t\t<\/div>\n\t\t\t\t\t<\/div>\n\t\t<\/article>\n\t\t\t\t<article class=\"elementor-post elementor-grid-item post-1214 post type-post status-publish format-standard has-post-thumbnail hentry category-presse\" role=\"listitem\">\n\t\t\t<div class=\"elementor-post__card\">\n\t\t\t\t<a class=\"elementor-post__thumbnail__link\" href=\"https:\/\/jaeger.expert\/tma\/2023\/06\/12\/herren-65-erster-sieg-2023\/\" tabindex=\"-1\" ><div class=\"elementor-post__thumbnail\"><img loading=\"lazy\" decoding=\"async\" width=\"300\" height=\"216\" src=\"https:\/\/jaeger.expert\/tma\/wp-content\/uploads\/2023\/06\/presse_2023_06_12-300x216.png\" class=\"attachment-medium size-medium wp-image-1378\" alt=\"\" srcset=\"https:\/\/jaeger.expert\/tma\/wp-content\/uploads\/2023\/06\/presse_2023_06_12-300x216.png 300w, https:\/\/jaeger.expert\/tma\/wp-content\/uploads\/2023\/06\/presse_2023_06_12.png 691w\" sizes=\"(max-width: 300px) 100vw, 300px\" \/><\/div><\/a>\n\t\t\t\t<div class=\"elementor-post__text\">\n\t\t\t\t<h3 class=\"elementor-post__title\">\n\t\t\t<a href=\"https:\/\/jaeger.expert\/tma\/2023\/06\/12\/herren-65-erster-sieg-2023\/\" >\n\t\t\t\tFreilassinger Anzeiger\t\t\t<\/a>\n\t\t<\/h3>\n\t\t\t\t<div class=\"elementor-post__excerpt\">\n\t\t\t<p>Herren 65, erster Sieg 2023<\/p>\n\t\t<\/div>\n\t\t\n\t\t<a class=\"elementor-post__read-more\" href=\"https:\/\/jaeger.expert\/tma\/2023\/06\/12\/herren-65-erster-sieg-2023\/\" aria-label=\"Mehr \u00fcber Freilassinger Anzeiger\" tabindex=\"-1\" >\n\t\t\tWeiterlesen \u00bb\t\t<\/a>\n\n\t\t\t\t<\/div>\n\t\t\t\t<div class=\"elementor-post__meta-data\">\n\t\t\t\t\t<span class=\"elementor-post-date\">\n\t\t\t12. Juni 2023\t\t<\/span>\n\t\t\t\t<\/div>\n\t\t\t\t\t<\/div>\n\t\t<\/article>\n\t\t\t\t<\/div>\n\t\t\n\t\t\t\t\t\t<\/div>\n\t\t\t\t<\/div>\n\t\t\t\t\t<\/div>\n\t\t\t\t<\/div>\n\t\t\t\t<\/div>\n\t\t","protected":false},"excerpt":{"rendered":"<p>News und Presse Unsere Ansprechpartner f\u00fcr Medien, \u00d6ffentlichkeitsarbeit und Werbung\u00a0 sind: Helmut Tamerl (Schriftf\u00fchrer) und Dominik J\u00e4ger (Werbung und Digitale Kommunikation). Artikel Archiv Medienberichte<\/p>\n","protected":false},"author":1,"featured_media":0,"parent":0,"menu_order":0,"comment_status":"closed","ping_status":"closed","template":"elementor_header_footer","meta":{"footnotes":""},"class_list":["post-692","page","type-page","status-publish","hentry"],"_links":{"self":[{"href":"https:\/\/jaeger.expert\/tma\/wp-json\/wp\/v2\/pages\/692","targetHints":{"allow":["GET"]}}],"collection":[{"href":"https:\/\/jaeger.expert\/tma\/wp-json\/wp\/v2\/pages"}],"about":[{"href":"https:\/\/jaeger.expert\/tma\/wp-json\/wp\/v2\/types\/page"}],"author":[{"embeddable":true,"href":"https:\/\/jaeger.expert\/tma\/wp-json\/wp\/v2\/users\/1"}],"replies":[{"embeddable":true,"href":"https:\/\/jaeger.expert\/tma\/wp-json\/wp\/v2\/comments?post=692"}],"version-history":[{"count":59,"href":"https:\/\/jaeger.expert\/tma\/wp-json\/wp\/v2\/pages\/692\/revisions"}],"predecessor-version":[{"id":1212,"href":"https:\/\/jaeger.expert\/tma\/wp-json\/wp\/v2\/pages\/692\/revisions\/1212"}],"wp:attachment":[{"href":"https:\/\/jaeger.expert\/tma\/wp-json\/wp\/v2\/media?parent=692"}],"curies":[{"name":"wp","href":"https:\/\/api.w.org\/{rel}","templated":true}]}}