{"id":222,"date":"2023-09-21T17:40:52","date_gmt":"2023-09-21T15:40:52","guid":{"rendered":"https:\/\/jaeger.expert\/tma\/services\/"},"modified":"2025-04-25T08:52:51","modified_gmt":"2025-04-25T06:52:51","slug":"services","status":"publish","type":"page","link":"https:\/\/jaeger.expert\/tma\/services\/","title":{"rendered":"Unser Verein"},"content":{"rendered":"\t\t<div data-elementor-type=\"wp-page\" data-elementor-id=\"222\" class=\"elementor elementor-222\" data-elementor-post-type=\"page\">\n\t\t\t\t<div class=\"elementor-element elementor-element-3a55c32 e-flex e-con-boxed wpr-particle-no wpr-jarallax-no wpr-parallax-no wpr-sticky-section-no wpr-equal-height-no e-con e-parent\" data-id=\"3a55c32\" data-element_type=\"container\" data-e-type=\"container\">\n\t\t\t\t\t<div class=\"e-con-inner\">\n\t\t\t\t<div class=\"elementor-element elementor-element-5f251aa elementor-widget elementor-widget-heading\" data-id=\"5f251aa\" data-element_type=\"widget\" data-e-type=\"widget\" data-widget_type=\"heading.default\">\n\t\t\t\t<div class=\"elementor-widget-container\">\n\t\t\t\t\t<h2 class=\"elementor-heading-title elementor-size-default\">Unser Verein<\/h2>\t\t\t\t<\/div>\n\t\t\t\t<\/div>\n\t\t\t\t<div class=\"elementor-element elementor-element-73c5419 elementor-widget elementor-widget-text-editor\" data-id=\"73c5419\" data-element_type=\"widget\" data-e-type=\"widget\" data-widget_type=\"text-editor.default\">\n\t\t\t\t<div class=\"elementor-widget-container\">\n\t\t\t\t\t\t\t\t\t<h4>Liebe Mitglieder und G\u00e4ste des TMA Freilassing!<\/h4><p>Unsere Tennisanlage mit vier Freipl\u00e4tzen, davon zwei mit Flutlichtausstattung sowie das gro\u00dfz\u00fcgige Vereinsheim mit herrlicher Sonnenterrasse wurden 2016\/2017 generalsaniert und modernisiert. Sie liegt im Gr\u00fcnen, umrandet von einem alten Baumbestand.<br \/>Heute z\u00e4hlt die Tennisanlage des TMA Freilassing zu den sch\u00f6nst gelegenen Anlagen in Oberbayern. Sie ist durch die N\u00e4he zur Stadt Freilassing, zur B20, zum Freilassinger Bahnhof und vor allem zur Stadt Salzburg von Jederfrau\/Jedermann leicht zu erreichen.<\/p><p>Der TMA Freilassing versteht sich als ein breitensportlich, famil\u00e4rer Club, bei dem sich unsere Mitglieder jeden Alters und deren Freunde wohl f\u00fchlen sollen. Wir bieten Angebote f\u00fcr Hobbyspieler und Hobbyspielerinnen aber nat\u00fcrlich auch f\u00fcr die ganz sportlichen, die sich bei Verbandsspielen und Turnieren messen wollen.<\/p><p>\u00dcberzeugen Sie sich selbst, kommen Sie vorbei und informieren Sie sich vor Ort.<\/p><p>Wir freuen uns auf Sie\/Euch<\/p><p><em>Der Vorstand<\/em><\/p>\t\t\t\t\t\t\t\t<\/div>\n\t\t\t\t<\/div>\n\t\t\t\t\t<\/div>\n\t\t\t\t<\/div>\n\t\t\t\t<\/div>\n\t\t","protected":false},"excerpt":{"rendered":"<p>Unser Verein Liebe Mitglieder und G\u00e4ste des TMA Freilassing! Unsere Tennisanlage mit vier Freipl\u00e4tzen, davon zwei mit Flutlichtausstattung sowie das gro\u00dfz\u00fcgige Vereinsheim mit herrlicher Sonnenterrasse wurden 2016\/2017 generalsaniert und modernisiert. Sie liegt im Gr\u00fcnen, umrandet von einem alten Baumbestand.Heute z\u00e4hlt die Tennisanlage des TMA Freilassing zu den sch\u00f6nst gelegenen Anlagen in Oberbayern. Sie ist durch die N\u00e4he zur Stadt Freilassing, zur B20, zum Freilassinger Bahnhof und vor allem zur Stadt Salzburg von Jederfrau\/Jedermann leicht zu erreichen. Der TMA Freilassing versteht sich als ein breitensportlich, famil\u00e4rer Club, bei dem sich unsere Mitglieder jeden Alters und deren Freunde wohl f\u00fchlen sollen. Wir bieten Angebote f\u00fcr Hobbyspieler und Hobbyspielerinnen aber nat\u00fcrlich auch f\u00fcr die ganz sportlichen, die sich bei Verbandsspielen und Turnieren messen wollen. \u00dcberzeugen Sie sich selbst, kommen Sie vorbei und informieren Sie sich vor Ort. Wir freuen uns auf Sie\/Euch Der Vorstand<\/p>\n","protected":false},"author":1,"featured_media":0,"parent":0,"menu_order":0,"comment_status":"closed","ping_status":"closed","template":"elementor_header_footer","meta":{"footnotes":""},"class_list":["post-222","page","type-page","status-publish","hentry"],"_links":{"self":[{"href":"https:\/\/jaeger.expert\/tma\/wp-json\/wp\/v2\/pages\/222","targetHints":{"allow":["GET"]}}],"collection":[{"href":"https:\/\/jaeger.expert\/tma\/wp-json\/wp\/v2\/pages"}],"about":[{"href":"https:\/\/jaeger.expert\/tma\/wp-json\/wp\/v2\/types\/page"}],"author":[{"embeddable":true,"href":"https:\/\/jaeger.expert\/tma\/wp-json\/wp\/v2\/users\/1"}],"replies":[{"embeddable":true,"href":"https:\/\/jaeger.expert\/tma\/wp-json\/wp\/v2\/comments?post=222"}],"version-history":[{"count":14,"href":"https:\/\/jaeger.expert\/tma\/wp-json\/wp\/v2\/pages\/222\/revisions"}],"predecessor-version":[{"id":1269,"href":"https:\/\/jaeger.expert\/tma\/wp-json\/wp\/v2\/pages\/222\/revisions\/1269"}],"wp:attachment":[{"href":"https:\/\/jaeger.expert\/tma\/wp-json\/wp\/v2\/media?parent=222"}],"curies":[{"name":"wp","href":"https:\/\/api.w.org\/{rel}","templated":true}]}}